{"id":976,"date":"2021-10-14T09:53:41","date_gmt":"2021-10-14T07:53:41","guid":{"rendered":"https:\/\/celion.fr\/electrique\/?page_id=976"},"modified":"2025-03-03T15:14:29","modified_gmt":"2025-03-03T14:14:29","slug":"mvr-13","status":"publish","type":"page","link":"https:\/\/celion.fr\/electrique\/mvr-13\/","title":{"rendered":"MVR 13"},"content":{"rendered":"\t\t<div data-elementor-type=\"wp-page\" data-elementor-id=\"976\" class=\"elementor elementor-976\" data-elementor-settings=\"{&quot;ha_cmc_init_switcher&quot;:&quot;no&quot;}\" data-elementor-post-type=\"page\">\n\t\t\t\t\t\t<section class=\"elementor-section elementor-top-section elementor-element elementor-element-5c27e95 elementor-section-full_width elementor-section-height-default elementor-section-height-default\" data-id=\"5c27e95\" data-element_type=\"section\" data-settings=\"{&quot;_ha_eqh_enable&quot;:false}\">\n\t\t\t\t\t\t<div class=\"elementor-container elementor-column-gap-default\">\n\t\t\t\t\t<div class=\"elementor-column elementor-col-50 elementor-top-column elementor-element elementor-element-6893290\" data-id=\"6893290\" data-element_type=\"column\">\n\t\t\t<div class=\"elementor-widget-wrap elementor-element-populated\">\n\t\t\t\t\t\t<div class=\"elementor-element elementor-element-57d3d43 elementor-widget elementor-widget-heading\" data-id=\"57d3d43\" data-element_type=\"widget\" data-widget_type=\"heading.default\">\n\t\t\t\t<div class=\"elementor-widget-container\">\n\t\t\t\t\t<h2 class=\"elementor-heading-title elementor-size-default\">MVR 13<\/h2>\t\t\t\t<\/div>\n\t\t\t\t<\/div>\n\t\t\t\t<div class=\"elementor-element elementor-element-afe4978 elementor-widget elementor-widget-heading\" data-id=\"afe4978\" data-element_type=\"widget\" data-widget_type=\"heading.default\">\n\t\t\t\t<div class=\"elementor-widget-container\">\n\t\t\t\t\t<h2 class=\"elementor-heading-title elementor-size-default\">Commande impulsionnelle et centralis\u00e9e<\/h2>\t\t\t\t<\/div>\n\t\t\t\t<\/div>\n\t\t\t\t<div class=\"elementor-element elementor-element-ba3a072 elementor-widget-divider--view-line elementor-widget elementor-widget-divider\" data-id=\"ba3a072\" data-element_type=\"widget\" data-widget_type=\"divider.default\">\n\t\t\t\t<div class=\"elementor-widget-container\">\n\t\t\t\t\t\t\t<div class=\"elementor-divider\">\n\t\t\t<span class=\"elementor-divider-separator\">\n\t\t\t\t\t\t<\/span>\n\t\t<\/div>\n\t\t\t\t\t\t<\/div>\n\t\t\t\t<\/div>\n\t\t\t\t<div class=\"elementor-element elementor-element-ccf4d89 elementor-widget elementor-widget-text-editor\" data-id=\"ccf4d89\" data-element_type=\"widget\" data-widget_type=\"text-editor.default\">\n\t\t\t\t<div class=\"elementor-widget-container\">\n\t\t\t\t\t\t\t\t\t<div class=\"elementor-element elementor-element-78de386e elementor-widget elementor-widget-woocommerce-product-short-description\" data-id=\"78de386e\" data-element_type=\"widget\" data-widget_type=\"woocommerce-product-short-description.default\"><div class=\"elementor-widget-container\"><div class=\"woocommerce-product-details__short-description\"><p><strong>Caract\u00e9ristiques<\/strong><\/p><p>2 entr\u00e9es<\/p><p>Ce module permet la commande \u00abMont\u00e9e\/Descente\u00bb de volets roulants par commande impulsionnelleet b\u00e9n\u00e9ficie d\u2019une commande centralis\u00e9e.\u00a0 .<\/p><\/div><\/div><\/div>\t\t\t\t\t\t\t\t<\/div>\n\t\t\t\t<\/div>\n\t\t\t\t<div class=\"elementor-element elementor-element-68c5294 elementor-widget elementor-widget-text-editor\" data-id=\"68c5294\" data-element_type=\"widget\" data-widget_type=\"text-editor.default\">\n\t\t\t\t<div class=\"elementor-widget-container\">\n\t\t\t\t\t\t\t\t\t<p style=\"text-align: left;\">Un verrouillage \u00e9lectronique emp\u00eache l\u2019utilisation simultan\u00e9e de 2 entr\u00e9es.<\/p>\t\t\t\t\t\t\t\t<\/div>\n\t\t\t\t<\/div>\n\t\t\t\t<section class=\"elementor-section elementor-inner-section elementor-element elementor-element-6d83c63 elementor-section-boxed elementor-section-height-default elementor-section-height-default\" data-id=\"6d83c63\" data-element_type=\"section\" data-settings=\"{&quot;_ha_eqh_enable&quot;:false}\">\n\t\t\t\t\t\t<div class=\"elementor-container elementor-column-gap-default\">\n\t\t\t\t\t<div class=\"elementor-column elementor-col-50 elementor-inner-column elementor-element elementor-element-21d13a6\" data-id=\"21d13a6\" data-element_type=\"column\">\n\t\t\t<div class=\"elementor-widget-wrap elementor-element-populated\">\n\t\t\t\t\t\t<div class=\"elementor-element elementor-element-d380ea6 elementor-align-right elementor-widget elementor-widget-button\" data-id=\"d380ea6\" data-element_type=\"widget\" data-widget_type=\"button.default\">\n\t\t\t\t<div class=\"elementor-widget-container\">\n\t\t\t\t\t\t\t\t\t<div class=\"elementor-button-wrapper\">\n\t\t\t\t\t<a class=\"elementor-button elementor-button-link elementor-size-sm elementor-animation-grow\" href=\"https:\/\/celion.fr\/electrique\/wp-content\/uploads\/2021\/12\/Celion-MVR-13-Fiche-technique-VF.pdf\" target=\"_blank\">\n\t\t\t\t\t\t<span class=\"elementor-button-content-wrapper\">\n\t\t\t\t\t\t<span class=\"elementor-button-icon\">\n\t\t\t\t<i aria-hidden=\"true\" class=\"fas fa-download\"><\/i>\t\t\t<\/span>\n\t\t\t\t\t\t\t\t\t<span class=\"elementor-button-text\">Fiche technique<\/span>\n\t\t\t\t\t<\/span>\n\t\t\t\t\t<\/a>\n\t\t\t\t<\/div>\n\t\t\t\t\t\t\t\t<\/div>\n\t\t\t\t<\/div>\n\t\t\t\t\t<\/div>\n\t\t<\/div>\n\t\t\t\t<div class=\"elementor-column elementor-col-50 elementor-inner-column elementor-element elementor-element-77fb67e\" data-id=\"77fb67e\" data-element_type=\"column\">\n\t\t\t<div class=\"elementor-widget-wrap elementor-element-populated\">\n\t\t\t\t\t\t<div class=\"elementor-element elementor-element-5cefb88 elementor-align-left elementor-widget elementor-widget-button\" data-id=\"5cefb88\" data-element_type=\"widget\" data-widget_type=\"button.default\">\n\t\t\t\t<div class=\"elementor-widget-container\">\n\t\t\t\t\t\t\t\t\t<div class=\"elementor-button-wrapper\">\n\t\t\t\t\t<a class=\"elementor-button elementor-button-link elementor-size-sm elementor-animation-grow\" href=\"https:\/\/celion.fr\/electrique\/demande-de-devis\/\" target=\"_blank\">\n\t\t\t\t\t\t<span class=\"elementor-button-content-wrapper\">\n\t\t\t\t\t\t<span class=\"elementor-button-icon\">\n\t\t\t\t<i aria-hidden=\"true\" class=\"far fa-file-alt\"><\/i>\t\t\t<\/span>\n\t\t\t\t\t\t\t\t\t<span class=\"elementor-button-text\">Demande devis<\/span>\n\t\t\t\t\t<\/span>\n\t\t\t\t\t<\/a>\n\t\t\t\t<\/div>\n\t\t\t\t\t\t\t\t<\/div>\n\t\t\t\t<\/div>\n\t\t\t\t\t<\/div>\n\t\t<\/div>\n\t\t\t\t\t<\/div>\n\t\t<\/section>\n\t\t\t\t\t<\/div>\n\t\t<\/div>\n\t\t\t\t<div class=\"elementor-column elementor-col-50 elementor-top-column elementor-element elementor-element-ee044c6\" data-id=\"ee044c6\" data-element_type=\"column\">\n\t\t\t<div class=\"elementor-widget-wrap elementor-element-populated\">\n\t\t\t\t\t\t<div class=\"elementor-element elementor-element-e751495 elementor-skin-slideshow elementor-arrows-yes elementor-widget elementor-widget-media-carousel\" data-id=\"e751495\" data-element_type=\"widget\" data-settings=\"{&quot;skin&quot;:&quot;slideshow&quot;,&quot;effect&quot;:&quot;slide&quot;,&quot;show_arrows&quot;:&quot;yes&quot;,&quot;speed&quot;:500,&quot;autoplay&quot;:&quot;yes&quot;,&quot;autoplay_speed&quot;:5000,&quot;loop&quot;:&quot;yes&quot;,&quot;pause_on_hover&quot;:&quot;yes&quot;,&quot;pause_on_interaction&quot;:&quot;yes&quot;,&quot;space_between&quot;:{&quot;unit&quot;:&quot;px&quot;,&quot;size&quot;:10,&quot;sizes&quot;:[]},&quot;space_between_tablet&quot;:{&quot;unit&quot;:&quot;px&quot;,&quot;size&quot;:10,&quot;sizes&quot;:[]},&quot;space_between_mobile&quot;:{&quot;unit&quot;:&quot;px&quot;,&quot;size&quot;:10,&quot;sizes&quot;:[]}}\" data-widget_type=\"media-carousel.default\">\n\t\t\t\t<div class=\"elementor-widget-container\">\n\t\t\t\t\t\t\t\t\t<div class=\"elementor-swiper\">\n\t\t\t\t\t<div class=\"elementor-main-swiper swiper\" role=\"region\" aria-roledescription=\"carousel\" aria-label=\"Diapositives\">\n\t\t\t\t<div class=\"swiper-wrapper\">\n\t\t\t\t\t\t\t\t\t\t\t<div class=\"swiper-slide\" role=\"group\" aria-roledescription=\"slide\">\n\t\t\t\t\t\t\t\t\t<div class=\"elementor-carousel-image\" role=\"img\" aria-label=\"MVR 13\" style=\"background-image: url(&#039;https:\/\/i0.wp.com\/celion.fr\/electrique\/wp-content\/uploads\/2021\/10\/IMG_7160-scaled.jpg?fit=2560%2C1707&amp;ssl=1&#039;)\">\n\n\t\t\t\n\t\t\t\t\t<\/div>\n\t\t\t\t\t\t\t\t<\/div>\n\t\t\t\t\t\t\t\t\t\t\t<div class=\"swiper-slide\" role=\"group\" aria-roledescription=\"slide\">\n\t\t\t\t\t\t\t\t\t<div class=\"elementor-carousel-image\" role=\"img\" aria-label=\"IMG_7223\" style=\"background-image: url(&#039;https:\/\/i0.wp.com\/celion.fr\/electrique\/wp-content\/uploads\/2021\/10\/IMG_7223-scaled.jpg?fit=2560%2C1707&amp;ssl=1&#039;)\">\n\n\t\t\t\n\t\t\t\t\t<\/div>\n\t\t\t\t\t\t\t\t<\/div>\n\t\t\t\t\t\t\t\t\t\t\t<div class=\"swiper-slide\" role=\"group\" aria-roledescription=\"slide\">\n\t\t\t\t\t\t\t\t\t<div class=\"elementor-carousel-image\" role=\"img\" aria-label=\"IMG_7226\" style=\"background-image: url(&#039;https:\/\/i0.wp.com\/celion.fr\/electrique\/wp-content\/uploads\/2021\/10\/IMG_7226-scaled.jpg?fit=2560%2C1707&amp;ssl=1&#039;)\">\n\n\t\t\t\n\t\t\t\t\t<\/div>\n\t\t\t\t\t\t\t\t<\/div>\n\t\t\t\t\t\t\t\t\t\t\t<div class=\"swiper-slide\" role=\"group\" aria-roledescription=\"slide\">\n\t\t\t\t\t\t\t\t\t<div class=\"elementor-carousel-image\" role=\"img\" aria-label=\"IMG_7228\" style=\"background-image: url(&#039;https:\/\/i0.wp.com\/celion.fr\/electrique\/wp-content\/uploads\/2021\/10\/IMG_7228-scaled.jpg?fit=2560%2C1707&amp;ssl=1&#039;)\">\n\n\t\t\t\n\t\t\t\t\t<\/div>\n\t\t\t\t\t\t\t\t<\/div>\n\t\t\t\t\t\t\t\t\t<\/div>\n\t\t\t\t\t\t\t\t\t\t\t\t\t\t\t<div class=\"elementor-swiper-button elementor-swiper-button-prev\" role=\"button\" tabindex=\"0\" aria-label=\"Pr\u00e9c\u00e9dent\">\n\t\t\t\t\t\t\t<i aria-hidden=\"true\" class=\"eicon-chevron-left\"><\/i>\t\t\t\t\t\t<\/div>\n\t\t\t\t\t\t<div class=\"elementor-swiper-button elementor-swiper-button-next\" role=\"button\" tabindex=\"0\" aria-label=\"Suivant\">\n\t\t\t\t\t\t\t<i aria-hidden=\"true\" class=\"eicon-chevron-right\"><\/i>\t\t\t\t\t\t<\/div>\n\t\t\t\t\t\t\t\t\t\t\t\t\t\t\t\t\t<\/div>\n\t\t\t\t<\/div>\n\t\t\t\t\t\t\t\t<div class=\"elementor-swiper\">\n\t\t\t\t\t<div class=\"elementor-main-swiper swiper elementor-thumbnails-swiper swiper\" role=\"region region\" aria-roledescription=\"carousel carousel\" aria-label=\"Diapositives Diapositives\">\n\t\t\t\t<div class=\"swiper-wrapper\">\n\t\t\t\t\t\t\t\t\t\t\t<div class=\"swiper-slide\" role=\"group\" aria-roledescription=\"slide\">\n\t\t\t\t\t\t\t\t\t<div class=\"elementor-carousel-image\" role=\"img\" aria-label=\"MVR 13\" style=\"background-image: url(&#039;https:\/\/i0.wp.com\/celion.fr\/electrique\/wp-content\/uploads\/2021\/10\/IMG_7160-scaled.jpg?fit=2560%2C1707&amp;ssl=1&#039;)\">\n\n\t\t\t\n\t\t\t\t\t<\/div>\n\t\t\t\t\t\t\t\t<\/div>\n\t\t\t\t\t\t\t\t\t\t\t<div class=\"swiper-slide\" role=\"group\" aria-roledescription=\"slide\">\n\t\t\t\t\t\t\t\t\t<div class=\"elementor-carousel-image\" role=\"img\" aria-label=\"IMG_7223\" style=\"background-image: url(&#039;https:\/\/i0.wp.com\/celion.fr\/electrique\/wp-content\/uploads\/2021\/10\/IMG_7223-scaled.jpg?fit=2560%2C1707&amp;ssl=1&#039;)\">\n\n\t\t\t\n\t\t\t\t\t<\/div>\n\t\t\t\t\t\t\t\t<\/div>\n\t\t\t\t\t\t\t\t\t\t\t<div class=\"swiper-slide\" role=\"group\" aria-roledescription=\"slide\">\n\t\t\t\t\t\t\t\t\t<div class=\"elementor-carousel-image\" role=\"img\" aria-label=\"IMG_7226\" style=\"background-image: url(&#039;https:\/\/i0.wp.com\/celion.fr\/electrique\/wp-content\/uploads\/2021\/10\/IMG_7226-scaled.jpg?fit=2560%2C1707&amp;ssl=1&#039;)\">\n\n\t\t\t\n\t\t\t\t\t<\/div>\n\t\t\t\t\t\t\t\t<\/div>\n\t\t\t\t\t\t\t\t\t\t\t<div class=\"swiper-slide\" role=\"group\" aria-roledescription=\"slide\">\n\t\t\t\t\t\t\t\t\t<div class=\"elementor-carousel-image\" role=\"img\" aria-label=\"IMG_7228\" style=\"background-image: url(&#039;https:\/\/i0.wp.com\/celion.fr\/electrique\/wp-content\/uploads\/2021\/10\/IMG_7228-scaled.jpg?fit=2560%2C1707&amp;ssl=1&#039;)\">\n\n\t\t\t\n\t\t\t\t\t<\/div>\n\t\t\t\t\t\t\t\t<\/div>\n\t\t\t\t\t\t\t\t\t<\/div>\n\t\t\t\t\t\t\t\t\t\t\t\t\t\t\t\t\t\t\t\t\t<\/div>\n\t\t\t\t<\/div>\n\t\t\t\t\t\t\t\t<\/div>\n\t\t\t\t<\/div>\n\t\t\t\t\t<\/div>\n\t\t<\/div>\n\t\t\t\t\t<\/div>\n\t\t<\/section>\n\t\t\t\t<section class=\"elementor-section elementor-top-section elementor-element elementor-element-e597723 elementor-section-full_width elementor-section-height-default elementor-section-height-default\" data-id=\"e597723\" data-element_type=\"section\" data-settings=\"{&quot;_ha_eqh_enable&quot;:false}\">\n\t\t\t\t\t\t<div class=\"elementor-container elementor-column-gap-default\">\n\t\t\t\t\t<div class=\"elementor-column elementor-col-100 elementor-top-column elementor-element elementor-element-a515d68\" data-id=\"a515d68\" data-element_type=\"column\">\n\t\t\t<div class=\"elementor-widget-wrap elementor-element-populated\">\n\t\t\t\t\t\t<div class=\"elementor-element elementor-element-f4209ec elementor-widget elementor-widget-heading\" data-id=\"f4209ec\" data-element_type=\"widget\" data-widget_type=\"heading.default\">\n\t\t\t\t<div class=\"elementor-widget-container\">\n\t\t\t\t\t<h2 class=\"elementor-heading-title elementor-size-default\">Caract\u00e9ristiques compl\u00e9mentaires<\/h2>\t\t\t\t<\/div>\n\t\t\t\t<\/div>\n\t\t\t\t<div class=\"elementor-element elementor-element-0c6c8fc elementor-widget elementor-widget-spacer\" data-id=\"0c6c8fc\" data-element_type=\"widget\" data-widget_type=\"spacer.default\">\n\t\t\t\t<div class=\"elementor-widget-container\">\n\t\t\t\t\t\t\t<div class=\"elementor-spacer\">\n\t\t\t<div class=\"elementor-spacer-inner\"><\/div>\n\t\t<\/div>\n\t\t\t\t\t\t<\/div>\n\t\t\t\t<\/div>\n\t\t\t\t<div class=\"elementor-element elementor-element-b83ae41 elementor-widget elementor-widget-text-editor\" data-id=\"b83ae41\" data-element_type=\"widget\" data-widget_type=\"text-editor.default\">\n\t\t\t\t<div class=\"elementor-widget-container\">\n\t\t\t\t\t\t\t\t\t<p style=\"text-align: left;\"><em><strong>Une entr\u00e9e \u00ab bus \u00bb<\/strong><\/em> autorise la commande de volets roulants jusqu\u2019\u00e0 une distancede 1 000 m\u00e8tres.<br \/><em><strong>Un boitier (MCL 52)<\/strong> <\/em>install\u00e9 \u00e0 chaque \u00e9tage dans le Bureau Infirmi\u00e8re permet la mont\u00e9e\/descente simultan\u00e9e de <strong>TOUS<\/strong> les volets de l\u2019\u00e9tage.<br \/>Un autre dispositif <strong>(SPS 52)<\/strong> install\u00e9 au Service Technique pilote la mont\u00e9e\/descente de <strong>TOUS<\/strong> les volets de l\u2019immeuble.<br \/>Un potentiom\u00e8tre pour le r\u00e9glage de la temporisation (1 \u00e0 40 secondes) des relais de sortie.<\/p><p style=\"text-align: left;\">Ce produit est conforme aux normes selon les directives <em>CEM 89.336\/EN 60601.1 EN 60669.1\/EN 60669.2\/EN 60730.1.<\/em><\/p><p style=\"text-align: left;\"><strong>Sur le capot :<\/strong> 3 LEDS de visualisation.<br \/><strong>U =<\/strong> Pr\u00e9sence de Tension \/ S1 et S2 = Etat de sortie du relais correspondant.<\/p><p style=\"text-align: left;\"><strong>Entr\u00e9e BUS RS 485 :<\/strong> 2 fils + blindage.<br \/><strong>Capot :<\/strong> Boitier ABS Polyflam (UL94V0).<\/p><p style=\"text-align: left;\"><strong>Alimentation :<\/strong> 230V \u2013 50 HZ (entre borne L1 et N).<br \/><strong>Raccordement :<\/strong> bornier \u00e0 vis \u2013 Capacit\u00e9 4 mm\u00b2\/Sortie : contact relais.<br \/><strong>Pouvoir de coupure :<\/strong> 10A \u2013 250VAC (4000VA).<\/p>\t\t\t\t\t\t\t\t<\/div>\n\t\t\t\t<\/div>\n\t\t\t\t\t<\/div>\n\t\t<\/div>\n\t\t\t\t\t<\/div>\n\t\t<\/section>\n\t\t\t\t<\/div>\n\t\t","protected":false},"excerpt":{"rendered":"<p>MVR 13 Commande impulsionnelle et centralis\u00e9e Caract\u00e9ristiques 2 entr\u00e9es Ce module permet la commande \u00abMont\u00e9e\/Descente\u00bb de volets roulants par commande impulsionnelleet b\u00e9n\u00e9ficie d\u2019une commande centralis\u00e9e.\u00a0 . Un verrouillage \u00e9lectronique emp\u00eache l\u2019utilisation simultan\u00e9e de 2 entr\u00e9es. Fiche technique Demande devis Pr\u00e9c\u00e9dent Suivant Caract\u00e9ristiques compl\u00e9mentaires Une entr\u00e9e \u00ab bus \u00bb autorise la commande de volets roulants jusqu\u2019\u00e0 [&hellip;]<\/p>\n","protected":false},"author":1,"featured_media":0,"parent":0,"menu_order":0,"comment_status":"closed","ping_status":"closed","template":"","meta":{"footnotes":""},"class_list":["post-976","page","type-page","status-publish","hentry"],"yoast_head":"<!-- This site is optimized with the Yoast SEO plugin v26.1.1 - https:\/\/yoast.com\/wordpress\/plugins\/seo\/ -->\n<title>MVR 13 - C\u00e9lion \u00e9lectrique<\/title>\n<meta name=\"description\" content=\"C\u00e9lion \u00e9lectrique est ravi de vous accueillir sur son site internet. Nous pouvons vous fournir sur plusieurs sp\u00e9cifications possible.\" \/>\n<meta name=\"robots\" content=\"index, follow, max-snippet:-1, max-image-preview:large, max-video-preview:-1\" \/>\n<link rel=\"canonical\" href=\"https:\/\/celion.fr\/electrique\/mvr-13\/\" \/>\n<meta property=\"og:locale\" content=\"fr_FR\" \/>\n<meta property=\"og:type\" content=\"article\" \/>\n<meta property=\"og:title\" content=\"MVR 13 - C\u00e9lion \u00e9lectrique\" \/>\n<meta property=\"og:description\" content=\"C\u00e9lion \u00e9lectrique est ravi de vous accueillir sur son site internet. Nous pouvons vous fournir sur plusieurs sp\u00e9cifications possible.\" \/>\n<meta property=\"og:url\" content=\"https:\/\/celion.fr\/electrique\/mvr-13\/\" \/>\n<meta property=\"og:site_name\" content=\"C\u00e9lion \u00e9lectrique\" \/>\n<meta property=\"article:modified_time\" content=\"2025-03-03T14:14:29+00:00\" \/>\n<meta name=\"twitter:card\" content=\"summary_large_image\" \/>\n<meta name=\"twitter:label1\" content=\"Dur\u00e9e de lecture estim\u00e9e\" \/>\n\t<meta name=\"twitter:data1\" content=\"2 minutes\" \/>\n<script type=\"application\/ld+json\" class=\"yoast-schema-graph\">{\"@context\":\"https:\/\/schema.org\",\"@graph\":[{\"@type\":\"WebPage\",\"@id\":\"https:\/\/celion.fr\/electrique\/mvr-13\/\",\"url\":\"https:\/\/celion.fr\/electrique\/mvr-13\/\",\"name\":\"MVR 13 - C\u00e9lion \u00e9lectrique\",\"isPartOf\":{\"@id\":\"https:\/\/celion.fr\/electrique\/#website\"},\"datePublished\":\"2021-10-14T07:53:41+00:00\",\"dateModified\":\"2025-03-03T14:14:29+00:00\",\"description\":\"C\u00e9lion \u00e9lectrique est ravi de vous accueillir sur son site internet. Nous pouvons vous fournir sur plusieurs sp\u00e9cifications possible.\",\"breadcrumb\":{\"@id\":\"https:\/\/celion.fr\/electrique\/mvr-13\/#breadcrumb\"},\"inLanguage\":\"fr-FR\",\"potentialAction\":[{\"@type\":\"ReadAction\",\"target\":[\"https:\/\/celion.fr\/electrique\/mvr-13\/\"]}]},{\"@type\":\"BreadcrumbList\",\"@id\":\"https:\/\/celion.fr\/electrique\/mvr-13\/#breadcrumb\",\"itemListElement\":[{\"@type\":\"ListItem\",\"position\":1,\"name\":\"Accueil\",\"item\":\"https:\/\/celion.fr\/electrique\/\"},{\"@type\":\"ListItem\",\"position\":2,\"name\":\"MVR 13\"}]},{\"@type\":\"WebSite\",\"@id\":\"https:\/\/celion.fr\/electrique\/#website\",\"url\":\"https:\/\/celion.fr\/electrique\/\",\"name\":\"C\u00e9lion \u00e9lectrique\",\"description\":\"\",\"publisher\":{\"@id\":\"https:\/\/celion.fr\/electrique\/#organization\"},\"potentialAction\":[{\"@type\":\"SearchAction\",\"target\":{\"@type\":\"EntryPoint\",\"urlTemplate\":\"https:\/\/celion.fr\/electrique\/?s={search_term_string}\"},\"query-input\":{\"@type\":\"PropertyValueSpecification\",\"valueRequired\":true,\"valueName\":\"search_term_string\"}}],\"inLanguage\":\"fr-FR\"},{\"@type\":\"Organization\",\"@id\":\"https:\/\/celion.fr\/electrique\/#organization\",\"name\":\"C\u00e9lion \u00e9lectrique\",\"url\":\"https:\/\/celion.fr\/electrique\/\",\"logo\":{\"@type\":\"ImageObject\",\"inLanguage\":\"fr-FR\",\"@id\":\"https:\/\/celion.fr\/electrique\/#\/schema\/logo\/image\/\",\"url\":\"https:\/\/i1.wp.com\/celion.fr\/electrique\/wp-content\/uploads\/2021\/04\/LOGO_Celion_site-electrique-2.png?fit=10000%2C2500&ssl=1\",\"contentUrl\":\"https:\/\/i1.wp.com\/celion.fr\/electrique\/wp-content\/uploads\/2021\/04\/LOGO_Celion_site-electrique-2.png?fit=10000%2C2500&ssl=1\",\"width\":10000,\"height\":2500,\"caption\":\"C\u00e9lion \u00e9lectrique\"},\"image\":{\"@id\":\"https:\/\/celion.fr\/electrique\/#\/schema\/logo\/image\/\"}}]}<\/script>\n<!-- \/ Yoast SEO plugin. -->","yoast_head_json":{"title":"MVR 13 - C\u00e9lion \u00e9lectrique","description":"C\u00e9lion \u00e9lectrique est ravi de vous accueillir sur son site internet. Nous pouvons vous fournir sur plusieurs sp\u00e9cifications possible.","robots":{"index":"index","follow":"follow","max-snippet":"max-snippet:-1","max-image-preview":"max-image-preview:large","max-video-preview":"max-video-preview:-1"},"canonical":"https:\/\/celion.fr\/electrique\/mvr-13\/","og_locale":"fr_FR","og_type":"article","og_title":"MVR 13 - C\u00e9lion \u00e9lectrique","og_description":"C\u00e9lion \u00e9lectrique est ravi de vous accueillir sur son site internet. Nous pouvons vous fournir sur plusieurs sp\u00e9cifications possible.","og_url":"https:\/\/celion.fr\/electrique\/mvr-13\/","og_site_name":"C\u00e9lion \u00e9lectrique","article_modified_time":"2025-03-03T14:14:29+00:00","twitter_card":"summary_large_image","twitter_misc":{"Dur\u00e9e de lecture estim\u00e9e":"2 minutes"},"schema":{"@context":"https:\/\/schema.org","@graph":[{"@type":"WebPage","@id":"https:\/\/celion.fr\/electrique\/mvr-13\/","url":"https:\/\/celion.fr\/electrique\/mvr-13\/","name":"MVR 13 - C\u00e9lion \u00e9lectrique","isPartOf":{"@id":"https:\/\/celion.fr\/electrique\/#website"},"datePublished":"2021-10-14T07:53:41+00:00","dateModified":"2025-03-03T14:14:29+00:00","description":"C\u00e9lion \u00e9lectrique est ravi de vous accueillir sur son site internet. Nous pouvons vous fournir sur plusieurs sp\u00e9cifications possible.","breadcrumb":{"@id":"https:\/\/celion.fr\/electrique\/mvr-13\/#breadcrumb"},"inLanguage":"fr-FR","potentialAction":[{"@type":"ReadAction","target":["https:\/\/celion.fr\/electrique\/mvr-13\/"]}]},{"@type":"BreadcrumbList","@id":"https:\/\/celion.fr\/electrique\/mvr-13\/#breadcrumb","itemListElement":[{"@type":"ListItem","position":1,"name":"Accueil","item":"https:\/\/celion.fr\/electrique\/"},{"@type":"ListItem","position":2,"name":"MVR 13"}]},{"@type":"WebSite","@id":"https:\/\/celion.fr\/electrique\/#website","url":"https:\/\/celion.fr\/electrique\/","name":"C\u00e9lion \u00e9lectrique","description":"","publisher":{"@id":"https:\/\/celion.fr\/electrique\/#organization"},"potentialAction":[{"@type":"SearchAction","target":{"@type":"EntryPoint","urlTemplate":"https:\/\/celion.fr\/electrique\/?s={search_term_string}"},"query-input":{"@type":"PropertyValueSpecification","valueRequired":true,"valueName":"search_term_string"}}],"inLanguage":"fr-FR"},{"@type":"Organization","@id":"https:\/\/celion.fr\/electrique\/#organization","name":"C\u00e9lion \u00e9lectrique","url":"https:\/\/celion.fr\/electrique\/","logo":{"@type":"ImageObject","inLanguage":"fr-FR","@id":"https:\/\/celion.fr\/electrique\/#\/schema\/logo\/image\/","url":"https:\/\/i1.wp.com\/celion.fr\/electrique\/wp-content\/uploads\/2021\/04\/LOGO_Celion_site-electrique-2.png?fit=10000%2C2500&ssl=1","contentUrl":"https:\/\/i1.wp.com\/celion.fr\/electrique\/wp-content\/uploads\/2021\/04\/LOGO_Celion_site-electrique-2.png?fit=10000%2C2500&ssl=1","width":10000,"height":2500,"caption":"C\u00e9lion \u00e9lectrique"},"image":{"@id":"https:\/\/celion.fr\/electrique\/#\/schema\/logo\/image\/"}}]}},"jetpack_sharing_enabled":true,"_links":{"self":[{"href":"https:\/\/celion.fr\/electrique\/wp-json\/wp\/v2\/pages\/976","targetHints":{"allow":["GET"]}}],"collection":[{"href":"https:\/\/celion.fr\/electrique\/wp-json\/wp\/v2\/pages"}],"about":[{"href":"https:\/\/celion.fr\/electrique\/wp-json\/wp\/v2\/types\/page"}],"author":[{"embeddable":true,"href":"https:\/\/celion.fr\/electrique\/wp-json\/wp\/v2\/users\/1"}],"replies":[{"embeddable":true,"href":"https:\/\/celion.fr\/electrique\/wp-json\/wp\/v2\/comments?post=976"}],"version-history":[{"count":28,"href":"https:\/\/celion.fr\/electrique\/wp-json\/wp\/v2\/pages\/976\/revisions"}],"predecessor-version":[{"id":1993,"href":"https:\/\/celion.fr\/electrique\/wp-json\/wp\/v2\/pages\/976\/revisions\/1993"}],"wp:attachment":[{"href":"https:\/\/celion.fr\/electrique\/wp-json\/wp\/v2\/media?parent=976"}],"curies":[{"name":"wp","href":"https:\/\/api.w.org\/{rel}","templated":true}]}}