{"id":880,"date":"2021-10-13T11:31:22","date_gmt":"2021-10-13T09:31:22","guid":{"rendered":"https:\/\/celion.fr\/electrique\/?page_id=880"},"modified":"2025-03-03T14:57:02","modified_gmt":"2025-03-03T13:57:02","slug":"mvr-12-mvr-12l","status":"publish","type":"page","link":"https:\/\/celion.fr\/electrique\/mvr-12-mvr-12l\/","title":{"rendered":"MVR 12 \/ MVR 12L"},"content":{"rendered":"\t\t<div data-elementor-type=\"wp-page\" data-elementor-id=\"880\" class=\"elementor elementor-880\" data-elementor-settings=\"{&quot;ha_cmc_init_switcher&quot;:&quot;no&quot;}\" data-elementor-post-type=\"page\">\n\t\t\t\t\t\t<section class=\"elementor-section elementor-top-section elementor-element elementor-element-80444a8 elementor-section-boxed elementor-section-height-default elementor-section-height-default\" data-id=\"80444a8\" data-element_type=\"section\" data-settings=\"{&quot;_ha_eqh_enable&quot;:false}\">\n\t\t\t\t\t\t<div class=\"elementor-container elementor-column-gap-default\">\n\t\t\t\t\t<div class=\"elementor-column elementor-col-100 elementor-top-column elementor-element elementor-element-fc7120c\" data-id=\"fc7120c\" data-element_type=\"column\">\n\t\t\t<div class=\"elementor-widget-wrap elementor-element-populated\">\n\t\t\t\t\t\t<div class=\"elementor-element elementor-element-5fd76ed elementor-widget elementor-widget-heading\" data-id=\"5fd76ed\" data-element_type=\"widget\" data-widget_type=\"heading.default\">\n\t\t\t\t<div class=\"elementor-widget-container\">\n\t\t\t\t\t<h2 class=\"elementor-heading-title elementor-size-default\">MVR 12 &amp; MVR 12L<\/h2>\t\t\t\t<\/div>\n\t\t\t\t<\/div>\n\t\t\t\t\t<\/div>\n\t\t<\/div>\n\t\t\t\t\t<\/div>\n\t\t<\/section>\n\t\t\t\t<section class=\"elementor-section elementor-top-section elementor-element elementor-element-387d96c elementor-section-boxed elementor-section-height-default elementor-section-height-default\" data-id=\"387d96c\" data-element_type=\"section\" data-settings=\"{&quot;_ha_eqh_enable&quot;:false}\">\n\t\t\t\t\t\t<div class=\"elementor-container elementor-column-gap-default\">\n\t\t\t\t\t<div class=\"elementor-column elementor-col-50 elementor-top-column elementor-element elementor-element-922c140\" data-id=\"922c140\" data-element_type=\"column\">\n\t\t\t<div class=\"elementor-widget-wrap elementor-element-populated\">\n\t\t\t\t\t\t<div class=\"elementor-element elementor-element-14322f0 elementor-widget elementor-widget-image\" data-id=\"14322f0\" data-element_type=\"widget\" data-widget_type=\"image.default\">\n\t\t\t\t<div class=\"elementor-widget-container\">\n\t\t\t\t\t\t\t\t\t\t\t\t\t\t\t<img fetchpriority=\"high\" decoding=\"async\" width=\"800\" height=\"534\" src=\"https:\/\/i0.wp.com\/celion.fr\/electrique\/wp-content\/uploads\/2021\/10\/IMG_7159-scaled.jpg?fit=800%2C534&amp;ssl=1\" class=\"attachment-large size-large wp-image-688\" alt=\"\" srcset=\"https:\/\/i0.wp.com\/celion.fr\/electrique\/wp-content\/uploads\/2021\/10\/IMG_7159-scaled.jpg?w=2560&amp;ssl=1 2560w, https:\/\/i0.wp.com\/celion.fr\/electrique\/wp-content\/uploads\/2021\/10\/IMG_7159-scaled.jpg?resize=300%2C200&amp;ssl=1 300w, https:\/\/i0.wp.com\/celion.fr\/electrique\/wp-content\/uploads\/2021\/10\/IMG_7159-scaled.jpg?resize=1024%2C683&amp;ssl=1 1024w, https:\/\/i0.wp.com\/celion.fr\/electrique\/wp-content\/uploads\/2021\/10\/IMG_7159-scaled.jpg?resize=768%2C512&amp;ssl=1 768w, https:\/\/i0.wp.com\/celion.fr\/electrique\/wp-content\/uploads\/2021\/10\/IMG_7159-scaled.jpg?resize=1536%2C1024&amp;ssl=1 1536w, https:\/\/i0.wp.com\/celion.fr\/electrique\/wp-content\/uploads\/2021\/10\/IMG_7159-scaled.jpg?resize=2048%2C1365&amp;ssl=1 2048w, https:\/\/i0.wp.com\/celion.fr\/electrique\/wp-content\/uploads\/2021\/10\/IMG_7159-scaled.jpg?resize=600%2C400&amp;ssl=1 600w, https:\/\/i0.wp.com\/celion.fr\/electrique\/wp-content\/uploads\/2021\/10\/IMG_7159-scaled.jpg?w=1600&amp;ssl=1 1600w, https:\/\/i0.wp.com\/celion.fr\/electrique\/wp-content\/uploads\/2021\/10\/IMG_7159-scaled.jpg?w=2400&amp;ssl=1 2400w\" sizes=\"(max-width: 800px) 100vw, 800px\" \/>\t\t\t\t\t\t\t\t\t\t\t\t\t\t\t<\/div>\n\t\t\t\t<\/div>\n\t\t\t\t<div class=\"elementor-element elementor-element-ce421f1 elementor-widget elementor-widget-heading\" data-id=\"ce421f1\" data-element_type=\"widget\" data-widget_type=\"heading.default\">\n\t\t\t\t<div class=\"elementor-widget-container\">\n\t\t\t\t\t<h2 class=\"elementor-heading-title elementor-size-default\">MVR 12<\/h2>\t\t\t\t<\/div>\n\t\t\t\t<\/div>\n\t\t\t\t<div class=\"elementor-element elementor-element-e103f41 elementor-widget elementor-widget-heading\" data-id=\"e103f41\" data-element_type=\"widget\" data-widget_type=\"heading.default\">\n\t\t\t\t<div class=\"elementor-widget-container\">\n\t\t\t\t\t<h2 class=\"elementor-heading-title elementor-size-default\">Mont\u00e9e \/ descente commande impulsionnelle<\/h2>\t\t\t\t<\/div>\n\t\t\t\t<\/div>\n\t\t\t\t<div class=\"elementor-element elementor-element-32ac17e elementor-align-center elementor-widget elementor-widget-button\" data-id=\"32ac17e\" data-element_type=\"widget\" data-widget_type=\"button.default\">\n\t\t\t\t<div class=\"elementor-widget-container\">\n\t\t\t\t\t\t\t\t\t<div class=\"elementor-button-wrapper\">\n\t\t\t\t\t<a class=\"elementor-button elementor-button-link elementor-size-sm elementor-animation-float\" href=\"https:\/\/celion.fr\/electrique\/mvr-12\/\">\n\t\t\t\t\t\t<span class=\"elementor-button-content-wrapper\">\n\t\t\t\t\t\t\t\t\t<span class=\"elementor-button-text\">D\u00e9couvrir<\/span>\n\t\t\t\t\t<\/span>\n\t\t\t\t\t<\/a>\n\t\t\t\t<\/div>\n\t\t\t\t\t\t\t\t<\/div>\n\t\t\t\t<\/div>\n\t\t\t\t\t<\/div>\n\t\t<\/div>\n\t\t\t\t<div class=\"elementor-column elementor-col-50 elementor-top-column elementor-element elementor-element-b001ff3\" data-id=\"b001ff3\" data-element_type=\"column\">\n\t\t\t<div class=\"elementor-widget-wrap elementor-element-populated\">\n\t\t\t\t\t\t<div class=\"elementor-element elementor-element-723ff12 elementor-widget elementor-widget-image\" data-id=\"723ff12\" data-element_type=\"widget\" data-widget_type=\"image.default\">\n\t\t\t\t<div class=\"elementor-widget-container\">\n\t\t\t\t\t\t\t\t\t\t\t\t\t\t\t<img fetchpriority=\"high\" decoding=\"async\" width=\"800\" height=\"534\" src=\"https:\/\/i0.wp.com\/celion.fr\/electrique\/wp-content\/uploads\/2021\/10\/IMG_7159-scaled.jpg?fit=800%2C534&amp;ssl=1\" class=\"attachment-large size-large wp-image-688\" alt=\"\" srcset=\"https:\/\/i0.wp.com\/celion.fr\/electrique\/wp-content\/uploads\/2021\/10\/IMG_7159-scaled.jpg?w=2560&amp;ssl=1 2560w, https:\/\/i0.wp.com\/celion.fr\/electrique\/wp-content\/uploads\/2021\/10\/IMG_7159-scaled.jpg?resize=300%2C200&amp;ssl=1 300w, https:\/\/i0.wp.com\/celion.fr\/electrique\/wp-content\/uploads\/2021\/10\/IMG_7159-scaled.jpg?resize=1024%2C683&amp;ssl=1 1024w, https:\/\/i0.wp.com\/celion.fr\/electrique\/wp-content\/uploads\/2021\/10\/IMG_7159-scaled.jpg?resize=768%2C512&amp;ssl=1 768w, https:\/\/i0.wp.com\/celion.fr\/electrique\/wp-content\/uploads\/2021\/10\/IMG_7159-scaled.jpg?resize=1536%2C1024&amp;ssl=1 1536w, https:\/\/i0.wp.com\/celion.fr\/electrique\/wp-content\/uploads\/2021\/10\/IMG_7159-scaled.jpg?resize=2048%2C1365&amp;ssl=1 2048w, https:\/\/i0.wp.com\/celion.fr\/electrique\/wp-content\/uploads\/2021\/10\/IMG_7159-scaled.jpg?resize=600%2C400&amp;ssl=1 600w, https:\/\/i0.wp.com\/celion.fr\/electrique\/wp-content\/uploads\/2021\/10\/IMG_7159-scaled.jpg?w=1600&amp;ssl=1 1600w, https:\/\/i0.wp.com\/celion.fr\/electrique\/wp-content\/uploads\/2021\/10\/IMG_7159-scaled.jpg?w=2400&amp;ssl=1 2400w\" sizes=\"(max-width: 800px) 100vw, 800px\" \/>\t\t\t\t\t\t\t\t\t\t\t\t\t\t\t<\/div>\n\t\t\t\t<\/div>\n\t\t\t\t<div class=\"elementor-element elementor-element-5bd16c2 elementor-widget elementor-widget-heading\" data-id=\"5bd16c2\" data-element_type=\"widget\" data-widget_type=\"heading.default\">\n\t\t\t\t<div class=\"elementor-widget-container\">\n\t\t\t\t\t<h2 class=\"elementor-heading-title elementor-size-default\">MVR 12L<\/h2>\t\t\t\t<\/div>\n\t\t\t\t<\/div>\n\t\t\t\t<div class=\"elementor-element elementor-element-0fc5e67 elementor-widget elementor-widget-heading\" data-id=\"0fc5e67\" data-element_type=\"widget\" data-widget_type=\"heading.default\">\n\t\t\t\t<div class=\"elementor-widget-container\">\n\t\t\t\t\t<h2 class=\"elementor-heading-title elementor-size-default\">Orientation des lamelles (BS0)<\/h2>\t\t\t\t<\/div>\n\t\t\t\t<\/div>\n\t\t\t\t<div class=\"elementor-element elementor-element-cf075d6 elementor-align-center elementor-widget elementor-widget-button\" data-id=\"cf075d6\" data-element_type=\"widget\" data-widget_type=\"button.default\">\n\t\t\t\t<div class=\"elementor-widget-container\">\n\t\t\t\t\t\t\t\t\t<div class=\"elementor-button-wrapper\">\n\t\t\t\t\t<a class=\"elementor-button elementor-button-link elementor-size-sm elementor-animation-float\" href=\"https:\/\/celion.fr\/electrique\/mvr-12l\/\">\n\t\t\t\t\t\t<span class=\"elementor-button-content-wrapper\">\n\t\t\t\t\t\t\t\t\t<span class=\"elementor-button-text\">D\u00e9couvrir<\/span>\n\t\t\t\t\t<\/span>\n\t\t\t\t\t<\/a>\n\t\t\t\t<\/div>\n\t\t\t\t\t\t\t\t<\/div>\n\t\t\t\t<\/div>\n\t\t\t\t\t<\/div>\n\t\t<\/div>\n\t\t\t\t\t<\/div>\n\t\t<\/section>\n\t\t\t\t<\/div>\n\t\t","protected":false},"excerpt":{"rendered":"<p>MVR 12 &amp; MVR 12L MVR 12 Mont\u00e9e \/ descente commande impulsionnelle D\u00e9couvrir MVR 12L Orientation des lamelles (BS0) D\u00e9couvrir<\/p>\n","protected":false},"author":1,"featured_media":0,"parent":0,"menu_order":0,"comment_status":"closed","ping_status":"closed","template":"","meta":{"footnotes":""},"class_list":["post-880","page","type-page","status-publish","hentry"],"yoast_head":"<!-- This site is optimized with the Yoast SEO plugin v26.1.1 - https:\/\/yoast.com\/wordpress\/plugins\/seo\/ -->\n<title>MVR 12 \/ MVR 12L - C\u00e9lion \u00e9lectrique<\/title>\n<meta name=\"description\" content=\"C\u00e9lion \u00e9lectrique est ravi de vous accueillir sur son site internet. Nous pouvons vous fournir sur plusieurs sp\u00e9cifications possible.\" \/>\n<meta name=\"robots\" content=\"index, follow, max-snippet:-1, max-image-preview:large, max-video-preview:-1\" \/>\n<link rel=\"canonical\" href=\"https:\/\/celion.fr\/electrique\/mvr-12-mvr-12l\/\" \/>\n<meta property=\"og:locale\" content=\"fr_FR\" \/>\n<meta property=\"og:type\" content=\"article\" \/>\n<meta property=\"og:title\" content=\"MVR 12 \/ MVR 12L - C\u00e9lion \u00e9lectrique\" \/>\n<meta property=\"og:description\" content=\"C\u00e9lion \u00e9lectrique est ravi de vous accueillir sur son site internet. Nous pouvons vous fournir sur plusieurs sp\u00e9cifications possible.\" \/>\n<meta property=\"og:url\" content=\"https:\/\/celion.fr\/electrique\/mvr-12-mvr-12l\/\" \/>\n<meta property=\"og:site_name\" content=\"C\u00e9lion \u00e9lectrique\" \/>\n<meta property=\"article:modified_time\" content=\"2025-03-03T13:57:02+00:00\" \/>\n<meta property=\"og:image\" content=\"https:\/\/celion.fr\/electrique\/wp-content\/uploads\/2021\/10\/IMG_7159-1024x683.jpg\" \/>\n<meta name=\"twitter:card\" content=\"summary_large_image\" \/>\n<meta name=\"twitter:label1\" content=\"Dur\u00e9e de lecture estim\u00e9e\" \/>\n\t<meta name=\"twitter:data1\" content=\"1 minute\" \/>\n<script type=\"application\/ld+json\" class=\"yoast-schema-graph\">{\"@context\":\"https:\/\/schema.org\",\"@graph\":[{\"@type\":\"WebPage\",\"@id\":\"https:\/\/celion.fr\/electrique\/mvr-12-mvr-12l\/\",\"url\":\"https:\/\/celion.fr\/electrique\/mvr-12-mvr-12l\/\",\"name\":\"MVR 12 \/ MVR 12L - C\u00e9lion \u00e9lectrique\",\"isPartOf\":{\"@id\":\"https:\/\/celion.fr\/electrique\/#website\"},\"primaryImageOfPage\":{\"@id\":\"https:\/\/celion.fr\/electrique\/mvr-12-mvr-12l\/#primaryimage\"},\"image\":{\"@id\":\"https:\/\/celion.fr\/electrique\/mvr-12-mvr-12l\/#primaryimage\"},\"thumbnailUrl\":\"https:\/\/celion.fr\/electrique\/wp-content\/uploads\/2021\/10\/IMG_7159-1024x683.jpg\",\"datePublished\":\"2021-10-13T09:31:22+00:00\",\"dateModified\":\"2025-03-03T13:57:02+00:00\",\"description\":\"C\u00e9lion \u00e9lectrique est ravi de vous accueillir sur son site internet. Nous pouvons vous fournir sur plusieurs sp\u00e9cifications possible.\",\"breadcrumb\":{\"@id\":\"https:\/\/celion.fr\/electrique\/mvr-12-mvr-12l\/#breadcrumb\"},\"inLanguage\":\"fr-FR\",\"potentialAction\":[{\"@type\":\"ReadAction\",\"target\":[\"https:\/\/celion.fr\/electrique\/mvr-12-mvr-12l\/\"]}]},{\"@type\":\"ImageObject\",\"inLanguage\":\"fr-FR\",\"@id\":\"https:\/\/celion.fr\/electrique\/mvr-12-mvr-12l\/#primaryimage\",\"url\":\"https:\/\/i0.wp.com\/celion.fr\/electrique\/wp-content\/uploads\/2021\/10\/IMG_7159-scaled.jpg?fit=2560%2C1707&ssl=1\",\"contentUrl\":\"https:\/\/i0.wp.com\/celion.fr\/electrique\/wp-content\/uploads\/2021\/10\/IMG_7159-scaled.jpg?fit=2560%2C1707&ssl=1\",\"width\":2560,\"height\":1707},{\"@type\":\"BreadcrumbList\",\"@id\":\"https:\/\/celion.fr\/electrique\/mvr-12-mvr-12l\/#breadcrumb\",\"itemListElement\":[{\"@type\":\"ListItem\",\"position\":1,\"name\":\"Accueil\",\"item\":\"https:\/\/celion.fr\/electrique\/\"},{\"@type\":\"ListItem\",\"position\":2,\"name\":\"MVR 12 \/ MVR 12L\"}]},{\"@type\":\"WebSite\",\"@id\":\"https:\/\/celion.fr\/electrique\/#website\",\"url\":\"https:\/\/celion.fr\/electrique\/\",\"name\":\"C\u00e9lion \u00e9lectrique\",\"description\":\"\",\"publisher\":{\"@id\":\"https:\/\/celion.fr\/electrique\/#organization\"},\"potentialAction\":[{\"@type\":\"SearchAction\",\"target\":{\"@type\":\"EntryPoint\",\"urlTemplate\":\"https:\/\/celion.fr\/electrique\/?s={search_term_string}\"},\"query-input\":{\"@type\":\"PropertyValueSpecification\",\"valueRequired\":true,\"valueName\":\"search_term_string\"}}],\"inLanguage\":\"fr-FR\"},{\"@type\":\"Organization\",\"@id\":\"https:\/\/celion.fr\/electrique\/#organization\",\"name\":\"C\u00e9lion \u00e9lectrique\",\"url\":\"https:\/\/celion.fr\/electrique\/\",\"logo\":{\"@type\":\"ImageObject\",\"inLanguage\":\"fr-FR\",\"@id\":\"https:\/\/celion.fr\/electrique\/#\/schema\/logo\/image\/\",\"url\":\"https:\/\/i1.wp.com\/celion.fr\/electrique\/wp-content\/uploads\/2021\/04\/LOGO_Celion_site-electrique-2.png?fit=10000%2C2500&ssl=1\",\"contentUrl\":\"https:\/\/i1.wp.com\/celion.fr\/electrique\/wp-content\/uploads\/2021\/04\/LOGO_Celion_site-electrique-2.png?fit=10000%2C2500&ssl=1\",\"width\":10000,\"height\":2500,\"caption\":\"C\u00e9lion \u00e9lectrique\"},\"image\":{\"@id\":\"https:\/\/celion.fr\/electrique\/#\/schema\/logo\/image\/\"}}]}<\/script>\n<!-- \/ Yoast SEO plugin. -->","yoast_head_json":{"title":"MVR 12 \/ MVR 12L - C\u00e9lion \u00e9lectrique","description":"C\u00e9lion \u00e9lectrique est ravi de vous accueillir sur son site internet. Nous pouvons vous fournir sur plusieurs sp\u00e9cifications possible.","robots":{"index":"index","follow":"follow","max-snippet":"max-snippet:-1","max-image-preview":"max-image-preview:large","max-video-preview":"max-video-preview:-1"},"canonical":"https:\/\/celion.fr\/electrique\/mvr-12-mvr-12l\/","og_locale":"fr_FR","og_type":"article","og_title":"MVR 12 \/ MVR 12L - C\u00e9lion \u00e9lectrique","og_description":"C\u00e9lion \u00e9lectrique est ravi de vous accueillir sur son site internet. Nous pouvons vous fournir sur plusieurs sp\u00e9cifications possible.","og_url":"https:\/\/celion.fr\/electrique\/mvr-12-mvr-12l\/","og_site_name":"C\u00e9lion \u00e9lectrique","article_modified_time":"2025-03-03T13:57:02+00:00","og_image":[{"url":"https:\/\/celion.fr\/electrique\/wp-content\/uploads\/2021\/10\/IMG_7159-1024x683.jpg","type":"","width":"","height":""}],"twitter_card":"summary_large_image","twitter_misc":{"Dur\u00e9e de lecture estim\u00e9e":"1 minute"},"schema":{"@context":"https:\/\/schema.org","@graph":[{"@type":"WebPage","@id":"https:\/\/celion.fr\/electrique\/mvr-12-mvr-12l\/","url":"https:\/\/celion.fr\/electrique\/mvr-12-mvr-12l\/","name":"MVR 12 \/ MVR 12L - C\u00e9lion \u00e9lectrique","isPartOf":{"@id":"https:\/\/celion.fr\/electrique\/#website"},"primaryImageOfPage":{"@id":"https:\/\/celion.fr\/electrique\/mvr-12-mvr-12l\/#primaryimage"},"image":{"@id":"https:\/\/celion.fr\/electrique\/mvr-12-mvr-12l\/#primaryimage"},"thumbnailUrl":"https:\/\/celion.fr\/electrique\/wp-content\/uploads\/2021\/10\/IMG_7159-1024x683.jpg","datePublished":"2021-10-13T09:31:22+00:00","dateModified":"2025-03-03T13:57:02+00:00","description":"C\u00e9lion \u00e9lectrique est ravi de vous accueillir sur son site internet. Nous pouvons vous fournir sur plusieurs sp\u00e9cifications possible.","breadcrumb":{"@id":"https:\/\/celion.fr\/electrique\/mvr-12-mvr-12l\/#breadcrumb"},"inLanguage":"fr-FR","potentialAction":[{"@type":"ReadAction","target":["https:\/\/celion.fr\/electrique\/mvr-12-mvr-12l\/"]}]},{"@type":"ImageObject","inLanguage":"fr-FR","@id":"https:\/\/celion.fr\/electrique\/mvr-12-mvr-12l\/#primaryimage","url":"https:\/\/i0.wp.com\/celion.fr\/electrique\/wp-content\/uploads\/2021\/10\/IMG_7159-scaled.jpg?fit=2560%2C1707&ssl=1","contentUrl":"https:\/\/i0.wp.com\/celion.fr\/electrique\/wp-content\/uploads\/2021\/10\/IMG_7159-scaled.jpg?fit=2560%2C1707&ssl=1","width":2560,"height":1707},{"@type":"BreadcrumbList","@id":"https:\/\/celion.fr\/electrique\/mvr-12-mvr-12l\/#breadcrumb","itemListElement":[{"@type":"ListItem","position":1,"name":"Accueil","item":"https:\/\/celion.fr\/electrique\/"},{"@type":"ListItem","position":2,"name":"MVR 12 \/ MVR 12L"}]},{"@type":"WebSite","@id":"https:\/\/celion.fr\/electrique\/#website","url":"https:\/\/celion.fr\/electrique\/","name":"C\u00e9lion \u00e9lectrique","description":"","publisher":{"@id":"https:\/\/celion.fr\/electrique\/#organization"},"potentialAction":[{"@type":"SearchAction","target":{"@type":"EntryPoint","urlTemplate":"https:\/\/celion.fr\/electrique\/?s={search_term_string}"},"query-input":{"@type":"PropertyValueSpecification","valueRequired":true,"valueName":"search_term_string"}}],"inLanguage":"fr-FR"},{"@type":"Organization","@id":"https:\/\/celion.fr\/electrique\/#organization","name":"C\u00e9lion \u00e9lectrique","url":"https:\/\/celion.fr\/electrique\/","logo":{"@type":"ImageObject","inLanguage":"fr-FR","@id":"https:\/\/celion.fr\/electrique\/#\/schema\/logo\/image\/","url":"https:\/\/i1.wp.com\/celion.fr\/electrique\/wp-content\/uploads\/2021\/04\/LOGO_Celion_site-electrique-2.png?fit=10000%2C2500&ssl=1","contentUrl":"https:\/\/i1.wp.com\/celion.fr\/electrique\/wp-content\/uploads\/2021\/04\/LOGO_Celion_site-electrique-2.png?fit=10000%2C2500&ssl=1","width":10000,"height":2500,"caption":"C\u00e9lion \u00e9lectrique"},"image":{"@id":"https:\/\/celion.fr\/electrique\/#\/schema\/logo\/image\/"}}]}},"jetpack_sharing_enabled":true,"_links":{"self":[{"href":"https:\/\/celion.fr\/electrique\/wp-json\/wp\/v2\/pages\/880","targetHints":{"allow":["GET"]}}],"collection":[{"href":"https:\/\/celion.fr\/electrique\/wp-json\/wp\/v2\/pages"}],"about":[{"href":"https:\/\/celion.fr\/electrique\/wp-json\/wp\/v2\/types\/page"}],"author":[{"embeddable":true,"href":"https:\/\/celion.fr\/electrique\/wp-json\/wp\/v2\/users\/1"}],"replies":[{"embeddable":true,"href":"https:\/\/celion.fr\/electrique\/wp-json\/wp\/v2\/comments?post=880"}],"version-history":[{"count":12,"href":"https:\/\/celion.fr\/electrique\/wp-json\/wp\/v2\/pages\/880\/revisions"}],"predecessor-version":[{"id":1973,"href":"https:\/\/celion.fr\/electrique\/wp-json\/wp\/v2\/pages\/880\/revisions\/1973"}],"wp:attachment":[{"href":"https:\/\/celion.fr\/electrique\/wp-json\/wp\/v2\/media?parent=880"}],"curies":[{"name":"wp","href":"https:\/\/api.w.org\/{rel}","templated":true}]}}