{"id":770,"date":"2021-10-12T15:46:34","date_gmt":"2021-10-12T13:46:34","guid":{"rendered":"https:\/\/celion.fr\/electrique\/?page_id=770"},"modified":"2025-03-05T16:49:02","modified_gmt":"2025-03-05T15:49:02","slug":"mcl-3100","status":"publish","type":"page","link":"https:\/\/celion.fr\/electrique\/mcl-3100\/","title":{"rendered":"MCL 3100"},"content":{"rendered":"\t\t<div data-elementor-type=\"wp-page\" data-elementor-id=\"770\" class=\"elementor elementor-770\" data-elementor-settings=\"{&quot;ha_cmc_init_switcher&quot;:&quot;no&quot;}\" data-elementor-post-type=\"page\">\n\t\t\t\t\t\t<section class=\"elementor-section elementor-top-section elementor-element elementor-element-5419382 elementor-section-boxed elementor-section-height-default elementor-section-height-default\" data-id=\"5419382\" data-element_type=\"section\" data-settings=\"{&quot;_ha_eqh_enable&quot;:false}\">\n\t\t\t\t\t\t<div class=\"elementor-container elementor-column-gap-default\">\n\t\t\t\t\t<div class=\"elementor-column elementor-col-100 elementor-top-column elementor-element elementor-element-012e30b\" data-id=\"012e30b\" data-element_type=\"column\">\n\t\t\t<div class=\"elementor-widget-wrap elementor-element-populated\">\n\t\t\t\t\t\t<div class=\"elementor-element elementor-element-93ba1b1 elementor-widget elementor-widget-heading\" data-id=\"93ba1b1\" data-element_type=\"widget\" data-widget_type=\"heading.default\">\n\t\t\t\t<div class=\"elementor-widget-container\">\n\t\t\t\t\t<h2 class=\"elementor-heading-title elementor-size-default\">MCL31<\/h2>\t\t\t\t<\/div>\n\t\t\t\t<\/div>\n\t\t\t\t\t<\/div>\n\t\t<\/div>\n\t\t\t\t\t<\/div>\n\t\t<\/section>\n\t\t\t\t<section class=\"elementor-section elementor-top-section elementor-element elementor-element-0c37b07 elementor-section-boxed elementor-section-height-default elementor-section-height-default\" data-id=\"0c37b07\" data-element_type=\"section\" data-settings=\"{&quot;_ha_eqh_enable&quot;:false}\">\n\t\t\t\t\t\t<div class=\"elementor-container elementor-column-gap-default\">\n\t\t\t\t\t<div class=\"elementor-column elementor-col-100 elementor-top-column elementor-element elementor-element-b291745\" data-id=\"b291745\" data-element_type=\"column\">\n\t\t\t<div class=\"elementor-widget-wrap elementor-element-populated\">\n\t\t\t\t\t\t<div class=\"elementor-element elementor-element-68b39a7 elementor-widget elementor-widget-text-editor\" data-id=\"68b39a7\" data-element_type=\"widget\" data-widget_type=\"text-editor.default\">\n\t\t\t\t<div class=\"elementor-widget-container\">\n\t\t\t\t\t\t\t\t\t<p>Modules de gestion de l&rsquo;\u00e9clairage pour chambres doubles<\/p>\t\t\t\t\t\t\t\t<\/div>\n\t\t\t\t<\/div>\n\t\t\t\t\t<\/div>\n\t\t<\/div>\n\t\t\t\t\t<\/div>\n\t\t<\/section>\n\t\t\t\t<section class=\"elementor-section elementor-top-section elementor-element elementor-element-0e87438 elementor-section-boxed elementor-section-height-default elementor-section-height-default\" data-id=\"0e87438\" data-element_type=\"section\" data-settings=\"{&quot;_ha_eqh_enable&quot;:false}\">\n\t\t\t\t\t\t<div class=\"elementor-container elementor-column-gap-default\">\n\t\t\t\t\t<div class=\"elementor-column elementor-col-100 elementor-top-column elementor-element elementor-element-2cead58\" data-id=\"2cead58\" data-element_type=\"column\">\n\t\t\t<div class=\"elementor-widget-wrap elementor-element-populated\">\n\t\t\t\t\t\t<div class=\"elementor-element elementor-element-61c2194 elementor-widget elementor-widget-image\" data-id=\"61c2194\" data-element_type=\"widget\" data-widget_type=\"image.default\">\n\t\t\t\t<div class=\"elementor-widget-container\">\n\t\t\t\t\t\t\t\t\t\t\t\t\t\t\t<img fetchpriority=\"high\" decoding=\"async\" width=\"800\" height=\"534\" src=\"https:\/\/i0.wp.com\/celion.fr\/electrique\/wp-content\/uploads\/2025\/03\/image.png?fit=800%2C534&amp;ssl=1\" class=\"attachment-large size-large wp-image-2156\" alt=\"\" srcset=\"https:\/\/i0.wp.com\/celion.fr\/electrique\/wp-content\/uploads\/2025\/03\/image.png?w=2560&amp;ssl=1 2560w, https:\/\/i0.wp.com\/celion.fr\/electrique\/wp-content\/uploads\/2025\/03\/image.png?resize=300%2C200&amp;ssl=1 300w, https:\/\/i0.wp.com\/celion.fr\/electrique\/wp-content\/uploads\/2025\/03\/image.png?resize=1024%2C683&amp;ssl=1 1024w, https:\/\/i0.wp.com\/celion.fr\/electrique\/wp-content\/uploads\/2025\/03\/image.png?resize=768%2C512&amp;ssl=1 768w, https:\/\/i0.wp.com\/celion.fr\/electrique\/wp-content\/uploads\/2025\/03\/image.png?resize=1536%2C1024&amp;ssl=1 1536w, https:\/\/i0.wp.com\/celion.fr\/electrique\/wp-content\/uploads\/2025\/03\/image.png?resize=2048%2C1366&amp;ssl=1 2048w, https:\/\/i0.wp.com\/celion.fr\/electrique\/wp-content\/uploads\/2025\/03\/image.png?resize=600%2C400&amp;ssl=1 600w, https:\/\/i0.wp.com\/celion.fr\/electrique\/wp-content\/uploads\/2025\/03\/image.png?w=1600&amp;ssl=1 1600w, https:\/\/i0.wp.com\/celion.fr\/electrique\/wp-content\/uploads\/2025\/03\/image.png?w=2400&amp;ssl=1 2400w\" sizes=\"(max-width: 800px) 100vw, 800px\" \/>\t\t\t\t\t\t\t\t\t\t\t\t\t\t\t<\/div>\n\t\t\t\t<\/div>\n\t\t\t\t\t<\/div>\n\t\t<\/div>\n\t\t\t\t\t<\/div>\n\t\t<\/section>\n\t\t\t\t<section class=\"elementor-section elementor-top-section elementor-element elementor-element-c891457 elementor-section-boxed elementor-section-height-default elementor-section-height-default\" data-id=\"c891457\" data-element_type=\"section\" data-settings=\"{&quot;_ha_eqh_enable&quot;:false}\">\n\t\t\t\t\t\t<div class=\"elementor-container elementor-column-gap-default\">\n\t\t\t\t\t<div class=\"elementor-column elementor-col-100 elementor-top-column elementor-element elementor-element-6bacf8a\" data-id=\"6bacf8a\" data-element_type=\"column\">\n\t\t\t<div class=\"elementor-widget-wrap elementor-element-populated\">\n\t\t\t\t\t\t<div class=\"elementor-element elementor-element-560b9cb elementor-widget elementor-widget-text-editor\" data-id=\"560b9cb\" data-element_type=\"widget\" data-widget_type=\"text-editor.default\">\n\t\t\t\t<div class=\"elementor-widget-container\">\n\t\t\t\t\t\t\t\t\t<p>Le module <strong>MCL31<\/strong> raccord\u00e9 \u00e0 un manipulateur t\u00eate de lit permet de commander <strong>l&rsquo; \u00e9clairage ambiance et lecture pour 2 lits<\/strong> d&rsquo;une chambre d&rsquo;h\u00f4pital, Ehpad ou autre. Le fonctionnement est de type <strong>t\u00e9l\u00e9rupteur<\/strong> (marche\/arr\u00eat).<span class=\"Apple-converted-space\">\u00a0<\/span><\/p><p>\u00a0<\/p><p>Pour son fonctionnement, le module n\u00e9cessite une alimentation 230V via les bornes L1\/N.<span class=\"Apple-converted-space\">\u00a0<\/span><\/p><p>\u00a0<\/p><p>Les entr\u00e9es de commande E1\/E2\/E3 sont <strong>isol\u00e9es galvaniquement<\/strong> du 230V. Elles sont raccord\u00e9es aux sorties contact du manipulateur t\u00eate de lit. Ces entr\u00e9es E1\/E2\/E3 sont command\u00e9es en <strong>basse tension\/bas courant<\/strong>. Il n&rsquo;est pas n\u00e9cessaire d&rsquo;ajouter de <strong>diodes de roue libre<\/strong> sur l&rsquo;\u00e9quipement du manipulateur.<span class=\"Apple-converted-space\">\u00a0<\/span><\/p><p>Lors de l&rsquo;activation des entr\u00e9es E1\/E2\/E3, les relais internes commutent la phase 230V sur les sorties S1\/S2\/S3 raccord\u00e9es aux \u00e9clairages ambiance et lecture.<span class=\"Apple-converted-space\">\u00a0<\/span><\/p><p>Il est \u00e9galement possible de raccorder sur l&rsquo;entr\u00e9e E1, un <strong>bouton poussoir<\/strong> situ\u00e9 \u00e0 l&rsquo;entr\u00e9e de la chambre afin de commander l&rsquo;\u00e9clairage ambiance lorsque l&rsquo;infirmi\u00e8re entre ou sort.<span class=\"Apple-converted-space\">\u00a0<\/span><\/p><p><span class=\"Apple-converted-space\">\u00a0<\/span><\/p><p><span style=\"text-decoration: underline;\"><b>Caract\u00e9ristiques techniques :<span class=\"Apple-converted-space\">\u00a0<\/span><\/b><\/span><\/p><ul><li>Alimentation : 230 V AC<span class=\"Apple-converted-space\">\u00a0<\/span><\/li><li>Sortie contact : 10A\/230V AC<span class=\"Apple-converted-space\">\u00a0<\/span><\/li><li>Fonction relais : 1 \u00e9clairage ambiance, type t\u00e9l\u00e9rupteur<span class=\"Apple-converted-space\">\u00a0 \u00a0 \u00a0 \u00a0 \u00a0 \u00a0 \u00a0 \u00a0 \u00a0 \u00a0 \u00a0 \u00a0 \u00a0 \u00a0 \u00a0 \u00a0 \u00a0 \u00a0 \u00a0 \u00a0 \u00a0 \u00a0 \u00a0 \u00a0 \u00a0 \u00a0 \u00a0 \u00a0 \u00a0 \u00a0 \u00a0 \u00a0 \u00a0 \u00a0 \u00a0 \u00a0 \u00a0 \u00a0 \u00a0 \u00a0 \u00a0 \u00a0 \u00a0 \u00a0 \u00a0 \u00a0 \u00a0 \u00a0 \u00a0 \u00a0 \u00a0 \u00a0 \u00a0 \u00a0 \u00a0 \u00a0 \u00a0 \u00a0 \u00a0 \u00a0 \u00a0 \u00a0 \u00a0 \u00a0 \u00a0 \u00a0 \u00a0 \u00a0 \u00a0 \u00a0 \u00a02<\/span> \u00e9clairages lecture, type t\u00e9l\u00e9rupteur\u00a0<\/li><\/ul><ul><li>Sortie suppl\u00e9mentaire : relais externe 12V\/50mA max. (MCL22 uniquement)<span class=\"Apple-converted-space\">\u00a0<\/span><\/li><li>Entr\u00e9e manipulateur : contact sec ou sortie transistoris\u00e9e<span class=\"Apple-converted-space\">\u00a0<\/span><\/li><\/ul><p>\u00a0<\/p><p>Si vous voulez en savoir plus et recevoir les documentations techniques, n&rsquo;h\u00e9sitez pas \u00e0 nous contacter :\u00a0<\/p>\t\t\t\t\t\t\t\t<\/div>\n\t\t\t\t<\/div>\n\t\t\t\t<section class=\"elementor-section elementor-inner-section elementor-element elementor-element-77cc09a elementor-section-boxed elementor-section-height-default elementor-section-height-default\" data-id=\"77cc09a\" data-element_type=\"section\" data-settings=\"{&quot;_ha_eqh_enable&quot;:false}\">\n\t\t\t\t\t\t<div class=\"elementor-container elementor-column-gap-default\">\n\t\t\t\t\t<div class=\"elementor-column elementor-col-50 elementor-inner-column elementor-element elementor-element-80249e2\" data-id=\"80249e2\" data-element_type=\"column\">\n\t\t\t<div class=\"elementor-widget-wrap elementor-element-populated\">\n\t\t\t\t\t\t<div class=\"elementor-element elementor-element-e1cc1a4 elementor-align-right elementor-widget elementor-widget-button\" data-id=\"e1cc1a4\" data-element_type=\"widget\" data-widget_type=\"button.default\">\n\t\t\t\t<div class=\"elementor-widget-container\">\n\t\t\t\t\t\t\t\t\t<div class=\"elementor-button-wrapper\">\n\t\t\t\t\t<a class=\"elementor-button elementor-button-link elementor-size-sm elementor-animation-grow\" href=\"https:\/\/celion.fr\/electrique\/wp-content\/uploads\/2021\/10\/Celion-MCL-2100-Fiche-technique.pdf\" target=\"_blank\">\n\t\t\t\t\t\t<span class=\"elementor-button-content-wrapper\">\n\t\t\t\t\t\t<span class=\"elementor-button-icon\">\n\t\t\t\t<i aria-hidden=\"true\" class=\"fas fa-download\"><\/i>\t\t\t<\/span>\n\t\t\t\t\t\t\t\t\t<span class=\"elementor-button-text\">Fiche technique<\/span>\n\t\t\t\t\t<\/span>\n\t\t\t\t\t<\/a>\n\t\t\t\t<\/div>\n\t\t\t\t\t\t\t\t<\/div>\n\t\t\t\t<\/div>\n\t\t\t\t\t<\/div>\n\t\t<\/div>\n\t\t\t\t<div class=\"elementor-column elementor-col-50 elementor-inner-column elementor-element elementor-element-135b7b6\" data-id=\"135b7b6\" data-element_type=\"column\">\n\t\t\t<div class=\"elementor-widget-wrap elementor-element-populated\">\n\t\t\t\t\t\t<div class=\"elementor-element elementor-element-501d0fc elementor-align-left elementor-widget elementor-widget-button\" data-id=\"501d0fc\" data-element_type=\"widget\" data-widget_type=\"button.default\">\n\t\t\t\t<div class=\"elementor-widget-container\">\n\t\t\t\t\t\t\t\t\t<div class=\"elementor-button-wrapper\">\n\t\t\t\t\t<a class=\"elementor-button elementor-button-link elementor-size-sm elementor-animation-grow\" href=\"https:\/\/celion.fr\/electrique\/demande-de-devis\/\" target=\"_blank\">\n\t\t\t\t\t\t<span class=\"elementor-button-content-wrapper\">\n\t\t\t\t\t\t<span class=\"elementor-button-icon\">\n\t\t\t\t<i aria-hidden=\"true\" class=\"far fa-file-alt\"><\/i>\t\t\t<\/span>\n\t\t\t\t\t\t\t\t\t<span class=\"elementor-button-text\">Demande devis<\/span>\n\t\t\t\t\t<\/span>\n\t\t\t\t\t<\/a>\n\t\t\t\t<\/div>\n\t\t\t\t\t\t\t\t<\/div>\n\t\t\t\t<\/div>\n\t\t\t\t\t<\/div>\n\t\t<\/div>\n\t\t\t\t\t<\/div>\n\t\t<\/section>\n\t\t\t\t\t<\/div>\n\t\t<\/div>\n\t\t\t\t\t<\/div>\n\t\t<\/section>\n\t\t\t\t<section class=\"elementor-section elementor-top-section elementor-element elementor-element-971624f elementor-section-boxed elementor-section-height-default elementor-section-height-default\" data-id=\"971624f\" data-element_type=\"section\" data-settings=\"{&quot;_ha_eqh_enable&quot;:false}\">\n\t\t\t\t\t\t<div class=\"elementor-container elementor-column-gap-default\">\n\t\t\t\t\t<div class=\"elementor-column elementor-col-100 elementor-top-column elementor-element elementor-element-3ade465\" data-id=\"3ade465\" data-element_type=\"column\">\n\t\t\t<div class=\"elementor-widget-wrap\">\n\t\t\t\t\t\t\t<\/div>\n\t\t<\/div>\n\t\t\t\t\t<\/div>\n\t\t<\/section>\n\t\t\t\t<\/div>\n\t\t","protected":false},"excerpt":{"rendered":"<p>MCL31 Modules de gestion de l&rsquo;\u00e9clairage pour chambres doubles Le module MCL31 raccord\u00e9 \u00e0 un manipulateur t\u00eate de lit permet de commander l&rsquo; \u00e9clairage ambiance et lecture pour 2 lits d&rsquo;une chambre d&rsquo;h\u00f4pital, Ehpad ou autre. Le fonctionnement est de type t\u00e9l\u00e9rupteur (marche\/arr\u00eat).\u00a0 \u00a0 Pour son fonctionnement, le module n\u00e9cessite une alimentation 230V via les [&hellip;]<\/p>\n","protected":false},"author":1,"featured_media":0,"parent":0,"menu_order":0,"comment_status":"closed","ping_status":"closed","template":"","meta":{"footnotes":""},"class_list":["post-770","page","type-page","status-publish","hentry"],"yoast_head":"<!-- This site is optimized with the Yoast SEO plugin v26.1.1 - https:\/\/yoast.com\/wordpress\/plugins\/seo\/ -->\n<title>MCL 3100 - C\u00e9lion \u00e9lectrique<\/title>\n<meta name=\"description\" content=\"C\u00e9lion \u00e9lectrique est ravi de vous accueillir sur son site internet. Nous pouvons vous fournir sur plusieurs sp\u00e9cifications possible.\" \/>\n<meta name=\"robots\" content=\"index, follow, max-snippet:-1, max-image-preview:large, max-video-preview:-1\" \/>\n<link rel=\"canonical\" href=\"https:\/\/celion.fr\/electrique\/mcl-3100\/\" \/>\n<meta property=\"og:locale\" content=\"fr_FR\" \/>\n<meta property=\"og:type\" content=\"article\" \/>\n<meta property=\"og:title\" content=\"MCL 3100 - C\u00e9lion \u00e9lectrique\" \/>\n<meta property=\"og:description\" content=\"C\u00e9lion \u00e9lectrique est ravi de vous accueillir sur son site internet. Nous pouvons vous fournir sur plusieurs sp\u00e9cifications possible.\" \/>\n<meta property=\"og:url\" content=\"https:\/\/celion.fr\/electrique\/mcl-3100\/\" \/>\n<meta property=\"og:site_name\" content=\"C\u00e9lion \u00e9lectrique\" \/>\n<meta property=\"article:modified_time\" content=\"2025-03-05T15:49:02+00:00\" \/>\n<meta property=\"og:image\" content=\"https:\/\/celion.fr\/electrique\/wp-content\/uploads\/2025\/03\/image-1024x683.png\" \/>\n<meta name=\"twitter:card\" content=\"summary_large_image\" \/>\n<meta name=\"twitter:label1\" content=\"Dur\u00e9e de lecture estim\u00e9e\" \/>\n\t<meta name=\"twitter:data1\" content=\"2 minutes\" \/>\n<script type=\"application\/ld+json\" class=\"yoast-schema-graph\">{\"@context\":\"https:\/\/schema.org\",\"@graph\":[{\"@type\":\"WebPage\",\"@id\":\"https:\/\/celion.fr\/electrique\/mcl-3100\/\",\"url\":\"https:\/\/celion.fr\/electrique\/mcl-3100\/\",\"name\":\"MCL 3100 - C\u00e9lion \u00e9lectrique\",\"isPartOf\":{\"@id\":\"https:\/\/celion.fr\/electrique\/#website\"},\"primaryImageOfPage\":{\"@id\":\"https:\/\/celion.fr\/electrique\/mcl-3100\/#primaryimage\"},\"image\":{\"@id\":\"https:\/\/celion.fr\/electrique\/mcl-3100\/#primaryimage\"},\"thumbnailUrl\":\"https:\/\/celion.fr\/electrique\/wp-content\/uploads\/2025\/03\/image-1024x683.png\",\"datePublished\":\"2021-10-12T13:46:34+00:00\",\"dateModified\":\"2025-03-05T15:49:02+00:00\",\"description\":\"C\u00e9lion \u00e9lectrique est ravi de vous accueillir sur son site internet. Nous pouvons vous fournir sur plusieurs sp\u00e9cifications possible.\",\"breadcrumb\":{\"@id\":\"https:\/\/celion.fr\/electrique\/mcl-3100\/#breadcrumb\"},\"inLanguage\":\"fr-FR\",\"potentialAction\":[{\"@type\":\"ReadAction\",\"target\":[\"https:\/\/celion.fr\/electrique\/mcl-3100\/\"]}]},{\"@type\":\"ImageObject\",\"inLanguage\":\"fr-FR\",\"@id\":\"https:\/\/celion.fr\/electrique\/mcl-3100\/#primaryimage\",\"url\":\"https:\/\/i0.wp.com\/celion.fr\/electrique\/wp-content\/uploads\/2025\/03\/image.png?fit=2560%2C1707&ssl=1\",\"contentUrl\":\"https:\/\/i0.wp.com\/celion.fr\/electrique\/wp-content\/uploads\/2025\/03\/image.png?fit=2560%2C1707&ssl=1\",\"width\":2560,\"height\":1707},{\"@type\":\"BreadcrumbList\",\"@id\":\"https:\/\/celion.fr\/electrique\/mcl-3100\/#breadcrumb\",\"itemListElement\":[{\"@type\":\"ListItem\",\"position\":1,\"name\":\"Accueil\",\"item\":\"https:\/\/celion.fr\/electrique\/\"},{\"@type\":\"ListItem\",\"position\":2,\"name\":\"MCL 3100\"}]},{\"@type\":\"WebSite\",\"@id\":\"https:\/\/celion.fr\/electrique\/#website\",\"url\":\"https:\/\/celion.fr\/electrique\/\",\"name\":\"C\u00e9lion \u00e9lectrique\",\"description\":\"\",\"publisher\":{\"@id\":\"https:\/\/celion.fr\/electrique\/#organization\"},\"potentialAction\":[{\"@type\":\"SearchAction\",\"target\":{\"@type\":\"EntryPoint\",\"urlTemplate\":\"https:\/\/celion.fr\/electrique\/?s={search_term_string}\"},\"query-input\":{\"@type\":\"PropertyValueSpecification\",\"valueRequired\":true,\"valueName\":\"search_term_string\"}}],\"inLanguage\":\"fr-FR\"},{\"@type\":\"Organization\",\"@id\":\"https:\/\/celion.fr\/electrique\/#organization\",\"name\":\"C\u00e9lion \u00e9lectrique\",\"url\":\"https:\/\/celion.fr\/electrique\/\",\"logo\":{\"@type\":\"ImageObject\",\"inLanguage\":\"fr-FR\",\"@id\":\"https:\/\/celion.fr\/electrique\/#\/schema\/logo\/image\/\",\"url\":\"https:\/\/i1.wp.com\/celion.fr\/electrique\/wp-content\/uploads\/2021\/04\/LOGO_Celion_site-electrique-2.png?fit=10000%2C2500&ssl=1\",\"contentUrl\":\"https:\/\/i1.wp.com\/celion.fr\/electrique\/wp-content\/uploads\/2021\/04\/LOGO_Celion_site-electrique-2.png?fit=10000%2C2500&ssl=1\",\"width\":10000,\"height\":2500,\"caption\":\"C\u00e9lion \u00e9lectrique\"},\"image\":{\"@id\":\"https:\/\/celion.fr\/electrique\/#\/schema\/logo\/image\/\"}}]}<\/script>\n<!-- \/ Yoast SEO plugin. -->","yoast_head_json":{"title":"MCL 3100 - C\u00e9lion \u00e9lectrique","description":"C\u00e9lion \u00e9lectrique est ravi de vous accueillir sur son site internet. Nous pouvons vous fournir sur plusieurs sp\u00e9cifications possible.","robots":{"index":"index","follow":"follow","max-snippet":"max-snippet:-1","max-image-preview":"max-image-preview:large","max-video-preview":"max-video-preview:-1"},"canonical":"https:\/\/celion.fr\/electrique\/mcl-3100\/","og_locale":"fr_FR","og_type":"article","og_title":"MCL 3100 - C\u00e9lion \u00e9lectrique","og_description":"C\u00e9lion \u00e9lectrique est ravi de vous accueillir sur son site internet. Nous pouvons vous fournir sur plusieurs sp\u00e9cifications possible.","og_url":"https:\/\/celion.fr\/electrique\/mcl-3100\/","og_site_name":"C\u00e9lion \u00e9lectrique","article_modified_time":"2025-03-05T15:49:02+00:00","og_image":[{"url":"https:\/\/celion.fr\/electrique\/wp-content\/uploads\/2025\/03\/image-1024x683.png","type":"","width":"","height":""}],"twitter_card":"summary_large_image","twitter_misc":{"Dur\u00e9e de lecture estim\u00e9e":"2 minutes"},"schema":{"@context":"https:\/\/schema.org","@graph":[{"@type":"WebPage","@id":"https:\/\/celion.fr\/electrique\/mcl-3100\/","url":"https:\/\/celion.fr\/electrique\/mcl-3100\/","name":"MCL 3100 - C\u00e9lion \u00e9lectrique","isPartOf":{"@id":"https:\/\/celion.fr\/electrique\/#website"},"primaryImageOfPage":{"@id":"https:\/\/celion.fr\/electrique\/mcl-3100\/#primaryimage"},"image":{"@id":"https:\/\/celion.fr\/electrique\/mcl-3100\/#primaryimage"},"thumbnailUrl":"https:\/\/celion.fr\/electrique\/wp-content\/uploads\/2025\/03\/image-1024x683.png","datePublished":"2021-10-12T13:46:34+00:00","dateModified":"2025-03-05T15:49:02+00:00","description":"C\u00e9lion \u00e9lectrique est ravi de vous accueillir sur son site internet. Nous pouvons vous fournir sur plusieurs sp\u00e9cifications possible.","breadcrumb":{"@id":"https:\/\/celion.fr\/electrique\/mcl-3100\/#breadcrumb"},"inLanguage":"fr-FR","potentialAction":[{"@type":"ReadAction","target":["https:\/\/celion.fr\/electrique\/mcl-3100\/"]}]},{"@type":"ImageObject","inLanguage":"fr-FR","@id":"https:\/\/celion.fr\/electrique\/mcl-3100\/#primaryimage","url":"https:\/\/i0.wp.com\/celion.fr\/electrique\/wp-content\/uploads\/2025\/03\/image.png?fit=2560%2C1707&ssl=1","contentUrl":"https:\/\/i0.wp.com\/celion.fr\/electrique\/wp-content\/uploads\/2025\/03\/image.png?fit=2560%2C1707&ssl=1","width":2560,"height":1707},{"@type":"BreadcrumbList","@id":"https:\/\/celion.fr\/electrique\/mcl-3100\/#breadcrumb","itemListElement":[{"@type":"ListItem","position":1,"name":"Accueil","item":"https:\/\/celion.fr\/electrique\/"},{"@type":"ListItem","position":2,"name":"MCL 3100"}]},{"@type":"WebSite","@id":"https:\/\/celion.fr\/electrique\/#website","url":"https:\/\/celion.fr\/electrique\/","name":"C\u00e9lion \u00e9lectrique","description":"","publisher":{"@id":"https:\/\/celion.fr\/electrique\/#organization"},"potentialAction":[{"@type":"SearchAction","target":{"@type":"EntryPoint","urlTemplate":"https:\/\/celion.fr\/electrique\/?s={search_term_string}"},"query-input":{"@type":"PropertyValueSpecification","valueRequired":true,"valueName":"search_term_string"}}],"inLanguage":"fr-FR"},{"@type":"Organization","@id":"https:\/\/celion.fr\/electrique\/#organization","name":"C\u00e9lion \u00e9lectrique","url":"https:\/\/celion.fr\/electrique\/","logo":{"@type":"ImageObject","inLanguage":"fr-FR","@id":"https:\/\/celion.fr\/electrique\/#\/schema\/logo\/image\/","url":"https:\/\/i1.wp.com\/celion.fr\/electrique\/wp-content\/uploads\/2021\/04\/LOGO_Celion_site-electrique-2.png?fit=10000%2C2500&ssl=1","contentUrl":"https:\/\/i1.wp.com\/celion.fr\/electrique\/wp-content\/uploads\/2021\/04\/LOGO_Celion_site-electrique-2.png?fit=10000%2C2500&ssl=1","width":10000,"height":2500,"caption":"C\u00e9lion \u00e9lectrique"},"image":{"@id":"https:\/\/celion.fr\/electrique\/#\/schema\/logo\/image\/"}}]}},"jetpack_sharing_enabled":true,"_links":{"self":[{"href":"https:\/\/celion.fr\/electrique\/wp-json\/wp\/v2\/pages\/770","targetHints":{"allow":["GET"]}}],"collection":[{"href":"https:\/\/celion.fr\/electrique\/wp-json\/wp\/v2\/pages"}],"about":[{"href":"https:\/\/celion.fr\/electrique\/wp-json\/wp\/v2\/types\/page"}],"author":[{"embeddable":true,"href":"https:\/\/celion.fr\/electrique\/wp-json\/wp\/v2\/users\/1"}],"replies":[{"embeddable":true,"href":"https:\/\/celion.fr\/electrique\/wp-json\/wp\/v2\/comments?post=770"}],"version-history":[{"count":40,"href":"https:\/\/celion.fr\/electrique\/wp-json\/wp\/v2\/pages\/770\/revisions"}],"predecessor-version":[{"id":2159,"href":"https:\/\/celion.fr\/electrique\/wp-json\/wp\/v2\/pages\/770\/revisions\/2159"}],"wp:attachment":[{"href":"https:\/\/celion.fr\/electrique\/wp-json\/wp\/v2\/media?parent=770"}],"curies":[{"name":"wp","href":"https:\/\/api.w.org\/{rel}","templated":true}]}}