{"id":726,"date":"2021-10-12T15:50:56","date_gmt":"2021-10-12T13:50:56","guid":{"rendered":"https:\/\/celion.fr\/electrique\/?page_id=726"},"modified":"2025-03-05T16:25:41","modified_gmt":"2025-03-05T15:25:41","slug":"mcl-2100","status":"publish","type":"page","link":"https:\/\/celion.fr\/electrique\/mcl-2100\/","title":{"rendered":"MCL 2100"},"content":{"rendered":"\t\t<div data-elementor-type=\"wp-page\" data-elementor-id=\"726\" class=\"elementor elementor-726\" data-elementor-settings=\"{&quot;ha_cmc_init_switcher&quot;:&quot;no&quot;}\" data-elementor-post-type=\"page\">\n\t\t\t\t\t\t<section class=\"elementor-section elementor-top-section elementor-element elementor-element-8244c2f elementor-section-boxed elementor-section-height-default elementor-section-height-default\" data-id=\"8244c2f\" data-element_type=\"section\" data-settings=\"{&quot;_ha_eqh_enable&quot;:false}\">\n\t\t\t\t\t\t<div class=\"elementor-container elementor-column-gap-default\">\n\t\t\t\t\t<div class=\"elementor-column elementor-col-100 elementor-top-column elementor-element elementor-element-998963b\" data-id=\"998963b\" data-element_type=\"column\">\n\t\t\t<div class=\"elementor-widget-wrap elementor-element-populated\">\n\t\t\t\t\t\t<div class=\"elementor-element elementor-element-9e8e180 elementor-widget elementor-widget-heading\" data-id=\"9e8e180\" data-element_type=\"widget\" data-widget_type=\"heading.default\">\n\t\t\t\t<div class=\"elementor-widget-container\">\n\t\t\t\t\t<h2 class=\"elementor-heading-title elementor-size-default\">MCL21<\/h2>\t\t\t\t<\/div>\n\t\t\t\t<\/div>\n\t\t\t\t\t<\/div>\n\t\t<\/div>\n\t\t\t\t\t<\/div>\n\t\t<\/section>\n\t\t\t\t<section class=\"elementor-section elementor-top-section elementor-element elementor-element-3eff4e9 elementor-section-boxed elementor-section-height-default elementor-section-height-default\" data-id=\"3eff4e9\" data-element_type=\"section\" data-settings=\"{&quot;_ha_eqh_enable&quot;:false}\">\n\t\t\t\t\t\t<div class=\"elementor-container elementor-column-gap-default\">\n\t\t\t\t\t<div class=\"elementor-column elementor-col-100 elementor-top-column elementor-element elementor-element-9d0f7c0\" data-id=\"9d0f7c0\" data-element_type=\"column\">\n\t\t\t<div class=\"elementor-widget-wrap elementor-element-populated\">\n\t\t\t\t\t\t<div class=\"elementor-element elementor-element-8f5b38b elementor-widget elementor-widget-text-editor\" data-id=\"8f5b38b\" data-element_type=\"widget\" data-widget_type=\"text-editor.default\">\n\t\t\t\t<div class=\"elementor-widget-container\">\n\t\t\t\t\t\t\t\t\t<p>Modules de gestion de l&rsquo;\u00e9clairage pour chambres simples<\/p>\t\t\t\t\t\t\t\t<\/div>\n\t\t\t\t<\/div>\n\t\t\t\t\t<\/div>\n\t\t<\/div>\n\t\t\t\t\t<\/div>\n\t\t<\/section>\n\t\t\t\t<section class=\"elementor-section elementor-top-section elementor-element elementor-element-136d68a elementor-section-boxed elementor-section-height-default elementor-section-height-default\" data-id=\"136d68a\" data-element_type=\"section\" data-settings=\"{&quot;_ha_eqh_enable&quot;:false}\">\n\t\t\t\t\t\t<div class=\"elementor-container elementor-column-gap-default\">\n\t\t\t\t\t<div class=\"elementor-column elementor-col-100 elementor-top-column elementor-element elementor-element-c3249da\" data-id=\"c3249da\" data-element_type=\"column\">\n\t\t\t<div class=\"elementor-widget-wrap elementor-element-populated\">\n\t\t\t\t\t\t<div class=\"elementor-element elementor-element-00fe8e2 elementor-widget elementor-widget-image\" data-id=\"00fe8e2\" data-element_type=\"widget\" data-widget_type=\"image.default\">\n\t\t\t\t<div class=\"elementor-widget-container\">\n\t\t\t\t\t\t\t\t\t\t\t\t\t\t\t<img fetchpriority=\"high\" decoding=\"async\" width=\"800\" height=\"591\" src=\"https:\/\/i0.wp.com\/celion.fr\/electrique\/wp-content\/uploads\/2025\/03\/MCL21POUR-LESITE-scaled.jpg?fit=800%2C591&amp;ssl=1\" class=\"attachment-large size-large wp-image-2149\" alt=\"\" srcset=\"https:\/\/i0.wp.com\/celion.fr\/electrique\/wp-content\/uploads\/2025\/03\/MCL21POUR-LESITE-scaled.jpg?w=2560&amp;ssl=1 2560w, https:\/\/i0.wp.com\/celion.fr\/electrique\/wp-content\/uploads\/2025\/03\/MCL21POUR-LESITE-scaled.jpg?resize=300%2C222&amp;ssl=1 300w, https:\/\/i0.wp.com\/celion.fr\/electrique\/wp-content\/uploads\/2025\/03\/MCL21POUR-LESITE-scaled.jpg?resize=1024%2C757&amp;ssl=1 1024w, https:\/\/i0.wp.com\/celion.fr\/electrique\/wp-content\/uploads\/2025\/03\/MCL21POUR-LESITE-scaled.jpg?resize=768%2C567&amp;ssl=1 768w, https:\/\/i0.wp.com\/celion.fr\/electrique\/wp-content\/uploads\/2025\/03\/MCL21POUR-LESITE-scaled.jpg?resize=1536%2C1135&amp;ssl=1 1536w, https:\/\/i0.wp.com\/celion.fr\/electrique\/wp-content\/uploads\/2025\/03\/MCL21POUR-LESITE-scaled.jpg?resize=2048%2C1513&amp;ssl=1 2048w, https:\/\/i0.wp.com\/celion.fr\/electrique\/wp-content\/uploads\/2025\/03\/MCL21POUR-LESITE-scaled.jpg?resize=600%2C443&amp;ssl=1 600w, https:\/\/i0.wp.com\/celion.fr\/electrique\/wp-content\/uploads\/2025\/03\/MCL21POUR-LESITE-scaled.jpg?w=1600&amp;ssl=1 1600w, https:\/\/i0.wp.com\/celion.fr\/electrique\/wp-content\/uploads\/2025\/03\/MCL21POUR-LESITE-scaled.jpg?w=2400&amp;ssl=1 2400w\" sizes=\"(max-width: 800px) 100vw, 800px\" \/>\t\t\t\t\t\t\t\t\t\t\t\t\t\t\t<\/div>\n\t\t\t\t<\/div>\n\t\t\t\t\t<\/div>\n\t\t<\/div>\n\t\t\t\t\t<\/div>\n\t\t<\/section>\n\t\t\t\t<section class=\"elementor-section elementor-top-section elementor-element elementor-element-4f5c7ff elementor-section-boxed elementor-section-height-default elementor-section-height-default\" data-id=\"4f5c7ff\" data-element_type=\"section\" data-settings=\"{&quot;_ha_eqh_enable&quot;:false}\">\n\t\t\t\t\t\t<div class=\"elementor-container elementor-column-gap-default\">\n\t\t\t\t\t<div class=\"elementor-column elementor-col-100 elementor-top-column elementor-element elementor-element-f99e71f\" data-id=\"f99e71f\" data-element_type=\"column\">\n\t\t\t<div class=\"elementor-widget-wrap elementor-element-populated\">\n\t\t\t\t\t\t<div class=\"elementor-element elementor-element-ac988bc elementor-widget elementor-widget-text-editor\" data-id=\"ac988bc\" data-element_type=\"widget\" data-widget_type=\"text-editor.default\">\n\t\t\t\t<div class=\"elementor-widget-container\">\n\t\t\t\t\t\t\t\t\t<p>Le module <strong>MCL21<\/strong> raccord\u00e9 \u00e0 un manipulateur t\u00eate de lit permet de commander <strong>l&rsquo; \u00e9clairage ambiance et lecture pour 1 lit<\/strong> d&rsquo;une chambre d&rsquo;h\u00f4pital, Ehpad ou autre. Le fonctionnement est de type <strong>t\u00e9l\u00e9rupteur<\/strong> (marche\/arr\u00eat).<span class=\"Apple-converted-space\">\u00a0<\/span><\/p><p>\u00a0<\/p><p>Pour son fonctionnement, le module n\u00e9cessite une alimentation 230V via les bornes L1\/N.<span class=\"Apple-converted-space\">\u00a0<\/span><\/p><p>\u00a0<\/p><p>Les entr\u00e9es de commande E1\/E2 sont isol\u00e9es galvaniquement du 230V. Elles sont raccord\u00e9es aux sorties contact du manipulateur t\u00eate de lit. Ces entr\u00e9es E1\/E2 sont command\u00e9es en basse tension\/bas courant. Il n&rsquo;est pas n\u00e9cessaire d&rsquo;ajouter de <strong>diodes de roue libre<\/strong> sur l&rsquo;\u00e9quipement du manipulateur.<span class=\"Apple-converted-space\">\u00a0<\/span><\/p><p>Lors de l&rsquo;activation des entr\u00e9es E1\/E2, les relais internes commutent la phase 230V sur les sorties S1\/S2 raccord\u00e9es aux \u00e9clairages ambiance et lecture.<span class=\"Apple-converted-space\">\u00a0<\/span><\/p><p>Il est \u00e9galement possible de raccorder sur l&rsquo;entr\u00e9e E1, <strong>un bouton poussoir<\/strong> situ\u00e9 \u00e0 l&rsquo;entr\u00e9e de la chambre afin de commander l&rsquo;\u00e9clairage ambiance lorsque l&rsquo;infirmi\u00e8re entre ou sort.<span class=\"Apple-converted-space\">\u00a0<\/span><\/p><p>\u00a0<\/p><p><span style=\"text-decoration: underline;\"><b>Caract\u00e9ristiques techniques :<span class=\"Apple-converted-space\">\u00a0<\/span><\/b><\/span><\/p><ul><li>Alimentation : 230 V AC<span class=\"Apple-converted-space\">\u00a0<\/span><\/li><li>Sortie contact : 10A\/230V AC<span class=\"Apple-converted-space\">\u00a0<\/span><\/li><li>Fonction relais : 1 \u00e9clairage ambiance, type t\u00e9l\u00e9rupteur<span class=\"Apple-converted-space\">\u00a0 \u00a0 \u00a0 \u00a0 \u00a0 \u00a0 \u00a0 \u00a0 \u00a0 \u00a0 \u00a0 \u00a0 \u00a0 \u00a0 \u00a0 \u00a0 \u00a0 \u00a0 \u00a0 \u00a0 \u00a0 \u00a0 \u00a0 \u00a0 \u00a0 \u00a0 \u00a0 \u00a0 \u00a0 \u00a0 \u00a0 \u00a0 \u00a0 \u00a0 \u00a0 \u00a0 \u00a0 \u00a0 \u00a0 \u00a0 \u00a0 \u00a0 \u00a0 \u00a0 \u00a0 \u00a0 \u00a0 \u00a0 \u00a0 \u00a0 \u00a0 \u00a0 \u00a0 \u00a0 \u00a0 \u00a0 \u00a0 \u00a0 \u00a0 \u00a0 \u00a0 \u00a0 \u00a0 \u00a0 \u00a0 \u00a0 \u00a0 \u00a0 \u00a0 \u00a0 \u00a0<\/span>1 \u00e9clairage lecture, type t\u00e9l\u00e9rupteur\u00a0<\/li><\/ul><ul><li>Sortie suppl\u00e9mentaire : relais externe 12V\/50mA max. (MCL22 uniquement)<span class=\"Apple-converted-space\">\u00a0<\/span><\/li><li>Entr\u00e9e manipulateur : contact sec ou sortie transistoris\u00e9e<span class=\"Apple-converted-space\">\u00a0<\/span><\/li><\/ul><p>\u00a0<\/p><p>\u00a0<\/p><p>Si vous voulez en savoir plus et recevoir les documentations techniques, n&rsquo;h\u00e9sitez pas \u00e0 nous contacter :\u00a0<\/p>\t\t\t\t\t\t\t\t<\/div>\n\t\t\t\t<\/div>\n\t\t\t\t<section class=\"elementor-section elementor-inner-section elementor-element elementor-element-dde6d54 elementor-section-boxed elementor-section-height-default elementor-section-height-default\" data-id=\"dde6d54\" data-element_type=\"section\" data-settings=\"{&quot;_ha_eqh_enable&quot;:false}\">\n\t\t\t\t\t\t<div class=\"elementor-container elementor-column-gap-default\">\n\t\t\t\t\t<div class=\"elementor-column elementor-col-50 elementor-inner-column elementor-element elementor-element-a4d4d5e\" data-id=\"a4d4d5e\" data-element_type=\"column\">\n\t\t\t<div class=\"elementor-widget-wrap elementor-element-populated\">\n\t\t\t\t\t\t<div class=\"elementor-element elementor-element-644f0f8 elementor-align-right elementor-widget elementor-widget-button\" data-id=\"644f0f8\" data-element_type=\"widget\" data-widget_type=\"button.default\">\n\t\t\t\t<div class=\"elementor-widget-container\">\n\t\t\t\t\t\t\t\t\t<div class=\"elementor-button-wrapper\">\n\t\t\t\t\t<a class=\"elementor-button elementor-button-link elementor-size-sm elementor-animation-grow\" href=\"https:\/\/celion.fr\/electrique\/wp-content\/uploads\/2021\/10\/Celion-MCL-2100-Fiche-technique.pdf\" target=\"_blank\">\n\t\t\t\t\t\t<span class=\"elementor-button-content-wrapper\">\n\t\t\t\t\t\t<span class=\"elementor-button-icon\">\n\t\t\t\t<i aria-hidden=\"true\" class=\"fas fa-download\"><\/i>\t\t\t<\/span>\n\t\t\t\t\t\t\t\t\t<span class=\"elementor-button-text\">Fiche technique<\/span>\n\t\t\t\t\t<\/span>\n\t\t\t\t\t<\/a>\n\t\t\t\t<\/div>\n\t\t\t\t\t\t\t\t<\/div>\n\t\t\t\t<\/div>\n\t\t\t\t\t<\/div>\n\t\t<\/div>\n\t\t\t\t<div class=\"elementor-column elementor-col-50 elementor-inner-column elementor-element elementor-element-920308a\" data-id=\"920308a\" data-element_type=\"column\">\n\t\t\t<div class=\"elementor-widget-wrap elementor-element-populated\">\n\t\t\t\t\t\t<div class=\"elementor-element elementor-element-5e3b09e elementor-align-left elementor-widget elementor-widget-button\" data-id=\"5e3b09e\" data-element_type=\"widget\" data-widget_type=\"button.default\">\n\t\t\t\t<div class=\"elementor-widget-container\">\n\t\t\t\t\t\t\t\t\t<div class=\"elementor-button-wrapper\">\n\t\t\t\t\t<a class=\"elementor-button elementor-button-link elementor-size-sm elementor-animation-grow\" href=\"https:\/\/celion.fr\/electrique\/demande-de-devis\/\" target=\"_blank\">\n\t\t\t\t\t\t<span class=\"elementor-button-content-wrapper\">\n\t\t\t\t\t\t<span class=\"elementor-button-icon\">\n\t\t\t\t<i aria-hidden=\"true\" class=\"far fa-file-alt\"><\/i>\t\t\t<\/span>\n\t\t\t\t\t\t\t\t\t<span class=\"elementor-button-text\">Demande devis<\/span>\n\t\t\t\t\t<\/span>\n\t\t\t\t\t<\/a>\n\t\t\t\t<\/div>\n\t\t\t\t\t\t\t\t<\/div>\n\t\t\t\t<\/div>\n\t\t\t\t\t<\/div>\n\t\t<\/div>\n\t\t\t\t\t<\/div>\n\t\t<\/section>\n\t\t\t\t\t<\/div>\n\t\t<\/div>\n\t\t\t\t\t<\/div>\n\t\t<\/section>\n\t\t\t\t<\/div>\n\t\t","protected":false},"excerpt":{"rendered":"<p>MCL21 Modules de gestion de l&rsquo;\u00e9clairage pour chambres simples Le module MCL21 raccord\u00e9 \u00e0 un manipulateur t\u00eate de lit permet de commander l&rsquo; \u00e9clairage ambiance et lecture pour 1 lit d&rsquo;une chambre d&rsquo;h\u00f4pital, Ehpad ou autre. Le fonctionnement est de type t\u00e9l\u00e9rupteur (marche\/arr\u00eat).\u00a0 \u00a0 Pour son fonctionnement, le module n\u00e9cessite une alimentation 230V via les [&hellip;]<\/p>\n","protected":false},"author":1,"featured_media":0,"parent":0,"menu_order":0,"comment_status":"closed","ping_status":"closed","template":"","meta":{"footnotes":""},"class_list":["post-726","page","type-page","status-publish","hentry"],"yoast_head":"<!-- This site is optimized with the Yoast SEO plugin v26.1.1 - https:\/\/yoast.com\/wordpress\/plugins\/seo\/ -->\n<title>MCL 2100 - C\u00e9lion \u00e9lectrique<\/title>\n<meta name=\"description\" content=\"C\u00e9lion \u00e9lectrique est ravi de vous accueillir sur son site internet. Nous pouvons vous fournir sur plusieurs sp\u00e9cifications possible.\" \/>\n<meta name=\"robots\" content=\"index, follow, max-snippet:-1, max-image-preview:large, max-video-preview:-1\" \/>\n<link rel=\"canonical\" href=\"https:\/\/celion.fr\/electrique\/mcl-2100\/\" \/>\n<meta property=\"og:locale\" content=\"fr_FR\" \/>\n<meta property=\"og:type\" content=\"article\" \/>\n<meta property=\"og:title\" content=\"MCL 2100 - C\u00e9lion \u00e9lectrique\" \/>\n<meta property=\"og:description\" content=\"C\u00e9lion \u00e9lectrique est ravi de vous accueillir sur son site internet. Nous pouvons vous fournir sur plusieurs sp\u00e9cifications possible.\" \/>\n<meta property=\"og:url\" content=\"https:\/\/celion.fr\/electrique\/mcl-2100\/\" \/>\n<meta property=\"og:site_name\" content=\"C\u00e9lion \u00e9lectrique\" \/>\n<meta property=\"article:modified_time\" content=\"2025-03-05T15:25:41+00:00\" \/>\n<meta property=\"og:image\" content=\"https:\/\/celion.fr\/electrique\/wp-content\/uploads\/2025\/03\/MCL21POUR-LESITE-1024x757.jpg\" \/>\n<meta name=\"twitter:card\" content=\"summary_large_image\" \/>\n<meta name=\"twitter:label1\" content=\"Dur\u00e9e de lecture estim\u00e9e\" \/>\n\t<meta name=\"twitter:data1\" content=\"2 minutes\" \/>\n<script type=\"application\/ld+json\" class=\"yoast-schema-graph\">{\"@context\":\"https:\/\/schema.org\",\"@graph\":[{\"@type\":\"WebPage\",\"@id\":\"https:\/\/celion.fr\/electrique\/mcl-2100\/\",\"url\":\"https:\/\/celion.fr\/electrique\/mcl-2100\/\",\"name\":\"MCL 2100 - C\u00e9lion \u00e9lectrique\",\"isPartOf\":{\"@id\":\"https:\/\/celion.fr\/electrique\/#website\"},\"primaryImageOfPage\":{\"@id\":\"https:\/\/celion.fr\/electrique\/mcl-2100\/#primaryimage\"},\"image\":{\"@id\":\"https:\/\/celion.fr\/electrique\/mcl-2100\/#primaryimage\"},\"thumbnailUrl\":\"https:\/\/celion.fr\/electrique\/wp-content\/uploads\/2025\/03\/MCL21POUR-LESITE-1024x757.jpg\",\"datePublished\":\"2021-10-12T13:50:56+00:00\",\"dateModified\":\"2025-03-05T15:25:41+00:00\",\"description\":\"C\u00e9lion \u00e9lectrique est ravi de vous accueillir sur son site internet. Nous pouvons vous fournir sur plusieurs sp\u00e9cifications possible.\",\"breadcrumb\":{\"@id\":\"https:\/\/celion.fr\/electrique\/mcl-2100\/#breadcrumb\"},\"inLanguage\":\"fr-FR\",\"potentialAction\":[{\"@type\":\"ReadAction\",\"target\":[\"https:\/\/celion.fr\/electrique\/mcl-2100\/\"]}]},{\"@type\":\"ImageObject\",\"inLanguage\":\"fr-FR\",\"@id\":\"https:\/\/celion.fr\/electrique\/mcl-2100\/#primaryimage\",\"url\":\"https:\/\/i0.wp.com\/celion.fr\/electrique\/wp-content\/uploads\/2025\/03\/MCL21POUR-LESITE-scaled.jpg?fit=2560%2C1891&ssl=1\",\"contentUrl\":\"https:\/\/i0.wp.com\/celion.fr\/electrique\/wp-content\/uploads\/2025\/03\/MCL21POUR-LESITE-scaled.jpg?fit=2560%2C1891&ssl=1\",\"width\":2560,\"height\":1891},{\"@type\":\"BreadcrumbList\",\"@id\":\"https:\/\/celion.fr\/electrique\/mcl-2100\/#breadcrumb\",\"itemListElement\":[{\"@type\":\"ListItem\",\"position\":1,\"name\":\"Accueil\",\"item\":\"https:\/\/celion.fr\/electrique\/\"},{\"@type\":\"ListItem\",\"position\":2,\"name\":\"MCL 2100\"}]},{\"@type\":\"WebSite\",\"@id\":\"https:\/\/celion.fr\/electrique\/#website\",\"url\":\"https:\/\/celion.fr\/electrique\/\",\"name\":\"C\u00e9lion \u00e9lectrique\",\"description\":\"\",\"publisher\":{\"@id\":\"https:\/\/celion.fr\/electrique\/#organization\"},\"potentialAction\":[{\"@type\":\"SearchAction\",\"target\":{\"@type\":\"EntryPoint\",\"urlTemplate\":\"https:\/\/celion.fr\/electrique\/?s={search_term_string}\"},\"query-input\":{\"@type\":\"PropertyValueSpecification\",\"valueRequired\":true,\"valueName\":\"search_term_string\"}}],\"inLanguage\":\"fr-FR\"},{\"@type\":\"Organization\",\"@id\":\"https:\/\/celion.fr\/electrique\/#organization\",\"name\":\"C\u00e9lion \u00e9lectrique\",\"url\":\"https:\/\/celion.fr\/electrique\/\",\"logo\":{\"@type\":\"ImageObject\",\"inLanguage\":\"fr-FR\",\"@id\":\"https:\/\/celion.fr\/electrique\/#\/schema\/logo\/image\/\",\"url\":\"https:\/\/i1.wp.com\/celion.fr\/electrique\/wp-content\/uploads\/2021\/04\/LOGO_Celion_site-electrique-2.png?fit=10000%2C2500&ssl=1\",\"contentUrl\":\"https:\/\/i1.wp.com\/celion.fr\/electrique\/wp-content\/uploads\/2021\/04\/LOGO_Celion_site-electrique-2.png?fit=10000%2C2500&ssl=1\",\"width\":10000,\"height\":2500,\"caption\":\"C\u00e9lion \u00e9lectrique\"},\"image\":{\"@id\":\"https:\/\/celion.fr\/electrique\/#\/schema\/logo\/image\/\"}}]}<\/script>\n<!-- \/ Yoast SEO plugin. -->","yoast_head_json":{"title":"MCL 2100 - C\u00e9lion \u00e9lectrique","description":"C\u00e9lion \u00e9lectrique est ravi de vous accueillir sur son site internet. Nous pouvons vous fournir sur plusieurs sp\u00e9cifications possible.","robots":{"index":"index","follow":"follow","max-snippet":"max-snippet:-1","max-image-preview":"max-image-preview:large","max-video-preview":"max-video-preview:-1"},"canonical":"https:\/\/celion.fr\/electrique\/mcl-2100\/","og_locale":"fr_FR","og_type":"article","og_title":"MCL 2100 - C\u00e9lion \u00e9lectrique","og_description":"C\u00e9lion \u00e9lectrique est ravi de vous accueillir sur son site internet. Nous pouvons vous fournir sur plusieurs sp\u00e9cifications possible.","og_url":"https:\/\/celion.fr\/electrique\/mcl-2100\/","og_site_name":"C\u00e9lion \u00e9lectrique","article_modified_time":"2025-03-05T15:25:41+00:00","og_image":[{"url":"https:\/\/celion.fr\/electrique\/wp-content\/uploads\/2025\/03\/MCL21POUR-LESITE-1024x757.jpg","type":"","width":"","height":""}],"twitter_card":"summary_large_image","twitter_misc":{"Dur\u00e9e de lecture estim\u00e9e":"2 minutes"},"schema":{"@context":"https:\/\/schema.org","@graph":[{"@type":"WebPage","@id":"https:\/\/celion.fr\/electrique\/mcl-2100\/","url":"https:\/\/celion.fr\/electrique\/mcl-2100\/","name":"MCL 2100 - C\u00e9lion \u00e9lectrique","isPartOf":{"@id":"https:\/\/celion.fr\/electrique\/#website"},"primaryImageOfPage":{"@id":"https:\/\/celion.fr\/electrique\/mcl-2100\/#primaryimage"},"image":{"@id":"https:\/\/celion.fr\/electrique\/mcl-2100\/#primaryimage"},"thumbnailUrl":"https:\/\/celion.fr\/electrique\/wp-content\/uploads\/2025\/03\/MCL21POUR-LESITE-1024x757.jpg","datePublished":"2021-10-12T13:50:56+00:00","dateModified":"2025-03-05T15:25:41+00:00","description":"C\u00e9lion \u00e9lectrique est ravi de vous accueillir sur son site internet. Nous pouvons vous fournir sur plusieurs sp\u00e9cifications possible.","breadcrumb":{"@id":"https:\/\/celion.fr\/electrique\/mcl-2100\/#breadcrumb"},"inLanguage":"fr-FR","potentialAction":[{"@type":"ReadAction","target":["https:\/\/celion.fr\/electrique\/mcl-2100\/"]}]},{"@type":"ImageObject","inLanguage":"fr-FR","@id":"https:\/\/celion.fr\/electrique\/mcl-2100\/#primaryimage","url":"https:\/\/i0.wp.com\/celion.fr\/electrique\/wp-content\/uploads\/2025\/03\/MCL21POUR-LESITE-scaled.jpg?fit=2560%2C1891&ssl=1","contentUrl":"https:\/\/i0.wp.com\/celion.fr\/electrique\/wp-content\/uploads\/2025\/03\/MCL21POUR-LESITE-scaled.jpg?fit=2560%2C1891&ssl=1","width":2560,"height":1891},{"@type":"BreadcrumbList","@id":"https:\/\/celion.fr\/electrique\/mcl-2100\/#breadcrumb","itemListElement":[{"@type":"ListItem","position":1,"name":"Accueil","item":"https:\/\/celion.fr\/electrique\/"},{"@type":"ListItem","position":2,"name":"MCL 2100"}]},{"@type":"WebSite","@id":"https:\/\/celion.fr\/electrique\/#website","url":"https:\/\/celion.fr\/electrique\/","name":"C\u00e9lion \u00e9lectrique","description":"","publisher":{"@id":"https:\/\/celion.fr\/electrique\/#organization"},"potentialAction":[{"@type":"SearchAction","target":{"@type":"EntryPoint","urlTemplate":"https:\/\/celion.fr\/electrique\/?s={search_term_string}"},"query-input":{"@type":"PropertyValueSpecification","valueRequired":true,"valueName":"search_term_string"}}],"inLanguage":"fr-FR"},{"@type":"Organization","@id":"https:\/\/celion.fr\/electrique\/#organization","name":"C\u00e9lion \u00e9lectrique","url":"https:\/\/celion.fr\/electrique\/","logo":{"@type":"ImageObject","inLanguage":"fr-FR","@id":"https:\/\/celion.fr\/electrique\/#\/schema\/logo\/image\/","url":"https:\/\/i1.wp.com\/celion.fr\/electrique\/wp-content\/uploads\/2021\/04\/LOGO_Celion_site-electrique-2.png?fit=10000%2C2500&ssl=1","contentUrl":"https:\/\/i1.wp.com\/celion.fr\/electrique\/wp-content\/uploads\/2021\/04\/LOGO_Celion_site-electrique-2.png?fit=10000%2C2500&ssl=1","width":10000,"height":2500,"caption":"C\u00e9lion \u00e9lectrique"},"image":{"@id":"https:\/\/celion.fr\/electrique\/#\/schema\/logo\/image\/"}}]}},"jetpack_sharing_enabled":true,"_links":{"self":[{"href":"https:\/\/celion.fr\/electrique\/wp-json\/wp\/v2\/pages\/726","targetHints":{"allow":["GET"]}}],"collection":[{"href":"https:\/\/celion.fr\/electrique\/wp-json\/wp\/v2\/pages"}],"about":[{"href":"https:\/\/celion.fr\/electrique\/wp-json\/wp\/v2\/types\/page"}],"author":[{"embeddable":true,"href":"https:\/\/celion.fr\/electrique\/wp-json\/wp\/v2\/users\/1"}],"replies":[{"embeddable":true,"href":"https:\/\/celion.fr\/electrique\/wp-json\/wp\/v2\/comments?post=726"}],"version-history":[{"count":99,"href":"https:\/\/celion.fr\/electrique\/wp-json\/wp\/v2\/pages\/726\/revisions"}],"predecessor-version":[{"id":2155,"href":"https:\/\/celion.fr\/electrique\/wp-json\/wp\/v2\/pages\/726\/revisions\/2155"}],"wp:attachment":[{"href":"https:\/\/celion.fr\/electrique\/wp-json\/wp\/v2\/media?parent=726"}],"curies":[{"name":"wp","href":"https:\/\/api.w.org\/{rel}","templated":true}]}}