{"id":1869,"date":"2025-03-03T12:38:40","date_gmt":"2025-03-03T11:38:40","guid":{"rendered":"https:\/\/celion.fr\/electrique\/?page_id=1869"},"modified":"2025-03-03T12:39:09","modified_gmt":"2025-03-03T11:39:09","slug":"chru-brest","status":"publish","type":"page","link":"https:\/\/celion.fr\/electrique\/chru-brest\/","title":{"rendered":"CHRU BREST"},"content":{"rendered":"\t\t<div data-elementor-type=\"wp-page\" data-elementor-id=\"1869\" class=\"elementor elementor-1869\" data-elementor-settings=\"{&quot;ha_cmc_init_switcher&quot;:&quot;no&quot;}\" data-elementor-post-type=\"page\">\n\t\t\t\t\t\t<section class=\"elementor-section elementor-top-section elementor-element elementor-element-d24783b elementor-section-boxed elementor-section-height-default elementor-section-height-default\" data-id=\"d24783b\" data-element_type=\"section\" data-settings=\"{&quot;_ha_eqh_enable&quot;:false}\">\n\t\t\t\t\t\t<div class=\"elementor-container elementor-column-gap-default\">\n\t\t\t\t\t<div class=\"elementor-column elementor-col-100 elementor-top-column elementor-element elementor-element-3cff541\" data-id=\"3cff541\" data-element_type=\"column\">\n\t\t\t<div class=\"elementor-widget-wrap elementor-element-populated\">\n\t\t\t\t\t\t<div class=\"elementor-element elementor-element-20114a3 elementor-widget elementor-widget-heading\" data-id=\"20114a3\" data-element_type=\"widget\" data-widget_type=\"heading.default\">\n\t\t\t\t<div class=\"elementor-widget-container\">\n\t\t\t\t\t<h2 class=\"elementor-heading-title elementor-size-default\">CHRU BREST (29)<\/h2>\t\t\t\t<\/div>\n\t\t\t\t<\/div>\n\t\t\t\t\t<\/div>\n\t\t<\/div>\n\t\t\t\t\t<\/div>\n\t\t<\/section>\n\t\t\t\t<section class=\"elementor-section elementor-top-section elementor-element elementor-element-cb8565e elementor-section-boxed elementor-section-height-default elementor-section-height-default\" data-id=\"cb8565e\" data-element_type=\"section\" data-settings=\"{&quot;_ha_eqh_enable&quot;:false}\">\n\t\t\t\t\t\t<div class=\"elementor-container elementor-column-gap-default\">\n\t\t\t\t\t<div class=\"elementor-column elementor-col-100 elementor-top-column elementor-element elementor-element-de68449\" data-id=\"de68449\" data-element_type=\"column\">\n\t\t\t<div class=\"elementor-widget-wrap elementor-element-populated\">\n\t\t\t\t\t\t<div class=\"elementor-element elementor-element-0154925 elementor-widget elementor-widget-image\" data-id=\"0154925\" data-element_type=\"widget\" data-widget_type=\"image.default\">\n\t\t\t\t<div class=\"elementor-widget-container\">\n\t\t\t\t\t\t\t\t\t\t\t\t\t\t\t<img fetchpriority=\"high\" decoding=\"async\" width=\"800\" height=\"408\" src=\"https:\/\/i0.wp.com\/celion.fr\/electrique\/wp-content\/uploads\/2025\/02\/SPU_BREST_GLH_19.jpg?fit=800%2C408&amp;ssl=1\" class=\"attachment-large size-large wp-image-1767\" alt=\"\" srcset=\"https:\/\/i0.wp.com\/celion.fr\/electrique\/wp-content\/uploads\/2025\/02\/SPU_BREST_GLH_19.jpg?w=2560&amp;ssl=1 2560w, https:\/\/i0.wp.com\/celion.fr\/electrique\/wp-content\/uploads\/2025\/02\/SPU_BREST_GLH_19.jpg?resize=300%2C153&amp;ssl=1 300w, https:\/\/i0.wp.com\/celion.fr\/electrique\/wp-content\/uploads\/2025\/02\/SPU_BREST_GLH_19.jpg?resize=1024%2C522&amp;ssl=1 1024w, https:\/\/i0.wp.com\/celion.fr\/electrique\/wp-content\/uploads\/2025\/02\/SPU_BREST_GLH_19.jpg?resize=768%2C392&amp;ssl=1 768w, https:\/\/i0.wp.com\/celion.fr\/electrique\/wp-content\/uploads\/2025\/02\/SPU_BREST_GLH_19.jpg?resize=1536%2C784&amp;ssl=1 1536w, https:\/\/i0.wp.com\/celion.fr\/electrique\/wp-content\/uploads\/2025\/02\/SPU_BREST_GLH_19.jpg?resize=2048%2C1045&amp;ssl=1 2048w, https:\/\/i0.wp.com\/celion.fr\/electrique\/wp-content\/uploads\/2025\/02\/SPU_BREST_GLH_19.jpg?resize=600%2C306&amp;ssl=1 600w, https:\/\/i0.wp.com\/celion.fr\/electrique\/wp-content\/uploads\/2025\/02\/SPU_BREST_GLH_19.jpg?w=1600&amp;ssl=1 1600w, https:\/\/i0.wp.com\/celion.fr\/electrique\/wp-content\/uploads\/2025\/02\/SPU_BREST_GLH_19.jpg?w=2400&amp;ssl=1 2400w\" sizes=\"(max-width: 800px) 100vw, 800px\" \/>\t\t\t\t\t\t\t\t\t\t\t\t\t\t\t<\/div>\n\t\t\t\t<\/div>\n\t\t\t\t\t<\/div>\n\t\t<\/div>\n\t\t\t\t\t<\/div>\n\t\t<\/section>\n\t\t\t\t<section class=\"elementor-section elementor-top-section elementor-element elementor-element-f1e275d elementor-section-boxed elementor-section-height-default elementor-section-height-default\" data-id=\"f1e275d\" data-element_type=\"section\" data-settings=\"{&quot;_ha_eqh_enable&quot;:false}\">\n\t\t\t\t\t\t<div class=\"elementor-container elementor-column-gap-default\">\n\t\t\t\t\t<div class=\"elementor-column elementor-col-100 elementor-top-column elementor-element elementor-element-3ca99a3\" data-id=\"3ca99a3\" data-element_type=\"column\">\n\t\t\t<div class=\"elementor-widget-wrap elementor-element-populated\">\n\t\t\t\t\t\t<div class=\"elementor-element elementor-element-0cc2d88 elementor-headline--style-highlight elementor-widget elementor-widget-animated-headline\" data-id=\"0cc2d88\" data-element_type=\"widget\" data-settings=\"{&quot;marker&quot;:&quot;underline_zigzag&quot;,&quot;highlighted_text&quot;:&quot;projet&quot;,&quot;headline_style&quot;:&quot;highlight&quot;,&quot;loop&quot;:&quot;yes&quot;,&quot;highlight_animation_duration&quot;:1200,&quot;highlight_iteration_delay&quot;:8000}\" data-widget_type=\"animated-headline.default\">\n\t\t\t\t<div class=\"elementor-widget-container\">\n\t\t\t\t\t\t\t<h3 class=\"elementor-headline\">\n\t\t\t\t\t<span class=\"elementor-headline-plain-text elementor-headline-text-wrapper\">Pr\u00e9sentation du <\/span>\n\t\t\t\t<span class=\"elementor-headline-dynamic-wrapper elementor-headline-text-wrapper\">\n\t\t\t\t\t<span class=\"elementor-headline-dynamic-text elementor-headline-text-active\">projet<\/span>\n\t\t\t\t<\/span>\n\t\t\t\t<\/h3>\n\t\t\t\t\t\t<\/div>\n\t\t\t\t<\/div>\n\t\t\t\t\t<\/div>\n\t\t<\/div>\n\t\t\t\t\t<\/div>\n\t\t<\/section>\n\t\t\t\t<section class=\"elementor-section elementor-top-section elementor-element elementor-element-8564405 elementor-section-boxed elementor-section-height-default elementor-section-height-default\" data-id=\"8564405\" data-element_type=\"section\" data-settings=\"{&quot;_ha_eqh_enable&quot;:false}\">\n\t\t\t\t\t\t<div class=\"elementor-container elementor-column-gap-default\">\n\t\t\t\t\t<div class=\"elementor-column elementor-col-100 elementor-top-column elementor-element elementor-element-44b936a\" data-id=\"44b936a\" data-element_type=\"column\">\n\t\t\t<div class=\"elementor-widget-wrap elementor-element-populated\">\n\t\t\t\t\t\t<div class=\"elementor-element elementor-element-7c3c97c elementor-widget elementor-widget-text-editor\" data-id=\"7c3c97c\" data-element_type=\"widget\" data-widget_type=\"text-editor.default\">\n\t\t\t\t<div class=\"elementor-widget-container\">\n\t\t\t\t\t\t\t\t\t<p>Le projet d\u2019\u00e9tablissements\u00a0porte les ambitions de nos communaut\u00e9s hospitali\u00e8res dans une vision partag\u00e9e entre\u00a0: le CHU de Brest, L\u2019h\u00f4pital Lejeune de Saint Renan, L\u2019h\u00f4pital de Lesneven, L\u2019h\u00f4pital Ferdinand Grall de Landerneau, l\u2019h\u00f4pital de la Presqu\u2019ile de Crozon.<\/p>\t\t\t\t\t\t\t\t<\/div>\n\t\t\t\t<\/div>\n\t\t\t\t\t<\/div>\n\t\t<\/div>\n\t\t\t\t\t<\/div>\n\t\t<\/section>\n\t\t\t\t<section class=\"elementor-section elementor-top-section elementor-element elementor-element-4486716 elementor-section-boxed elementor-section-height-default elementor-section-height-default\" data-id=\"4486716\" data-element_type=\"section\" data-settings=\"{&quot;_ha_eqh_enable&quot;:false}\">\n\t\t\t\t\t\t<div class=\"elementor-container elementor-column-gap-default\">\n\t\t\t\t\t<div class=\"elementor-column elementor-col-100 elementor-top-column elementor-element elementor-element-282321f\" data-id=\"282321f\" data-element_type=\"column\">\n\t\t\t<div class=\"elementor-widget-wrap elementor-element-populated\">\n\t\t\t\t\t\t<div class=\"elementor-element elementor-element-1b641e5 elementor-headline--style-highlight elementor-widget elementor-widget-animated-headline\" data-id=\"1b641e5\" data-element_type=\"widget\" data-settings=\"{&quot;marker&quot;:&quot;double_underline&quot;,&quot;highlighted_text&quot;:&quot;besoin&quot;,&quot;headline_style&quot;:&quot;highlight&quot;,&quot;loop&quot;:&quot;yes&quot;,&quot;highlight_animation_duration&quot;:1200,&quot;highlight_iteration_delay&quot;:8000}\" data-widget_type=\"animated-headline.default\">\n\t\t\t\t<div class=\"elementor-widget-container\">\n\t\t\t\t\t\t\t<h3 class=\"elementor-headline\">\n\t\t\t\t\t<span class=\"elementor-headline-plain-text elementor-headline-text-wrapper\">Le<\/span>\n\t\t\t\t<span class=\"elementor-headline-dynamic-wrapper elementor-headline-text-wrapper\">\n\t\t\t\t\t<span class=\"elementor-headline-dynamic-text elementor-headline-text-active\">besoin<\/span>\n\t\t\t\t<\/span>\n\t\t\t\t<\/h3>\n\t\t\t\t\t\t<\/div>\n\t\t\t\t<\/div>\n\t\t\t\t\t<\/div>\n\t\t<\/div>\n\t\t\t\t\t<\/div>\n\t\t<\/section>\n\t\t\t\t<section class=\"elementor-section elementor-top-section elementor-element elementor-element-0662349 elementor-section-boxed elementor-section-height-default elementor-section-height-default\" data-id=\"0662349\" data-element_type=\"section\" data-settings=\"{&quot;_ha_eqh_enable&quot;:false}\">\n\t\t\t\t\t\t<div class=\"elementor-container elementor-column-gap-default\">\n\t\t\t\t\t<div class=\"elementor-column elementor-col-100 elementor-top-column elementor-element elementor-element-f9adfdf\" data-id=\"f9adfdf\" data-element_type=\"column\">\n\t\t\t<div class=\"elementor-widget-wrap elementor-element-populated\">\n\t\t\t\t\t\t<div class=\"elementor-element elementor-element-4d552a3 elementor-widget elementor-widget-text-editor\" data-id=\"4d552a3\" data-element_type=\"widget\" data-widget_type=\"text-editor.default\">\n\t\t\t\t<div class=\"elementor-widget-container\">\n\t\t\t\t\t\t\t\t\t<p>L&rsquo;\u00e9quipement C\u00e9lion devra permettre aux utilisateurs les fonctions suivantes :\u00a0<\/p>\t\t\t\t\t\t\t\t<\/div>\n\t\t\t\t<\/div>\n\t\t\t\t\t<\/div>\n\t\t<\/div>\n\t\t\t\t\t<\/div>\n\t\t<\/section>\n\t\t\t\t<section class=\"elementor-section elementor-top-section elementor-element elementor-element-fe82365 elementor-section-boxed elementor-section-height-default elementor-section-height-default\" data-id=\"fe82365\" data-element_type=\"section\" data-settings=\"{&quot;_ha_eqh_enable&quot;:false}\">\n\t\t\t\t\t\t<div class=\"elementor-container elementor-column-gap-default\">\n\t\t\t\t\t<div class=\"elementor-column elementor-col-100 elementor-top-column elementor-element elementor-element-805d128\" data-id=\"805d128\" data-element_type=\"column\">\n\t\t\t<div class=\"elementor-widget-wrap elementor-element-populated\">\n\t\t\t\t\t\t<div class=\"elementor-element elementor-element-2cbb613 elementor-icon-list--layout-traditional elementor-list-item-link-full_width elementor-widget elementor-widget-icon-list\" data-id=\"2cbb613\" data-element_type=\"widget\" data-widget_type=\"icon-list.default\">\n\t\t\t\t<div class=\"elementor-widget-container\">\n\t\t\t\t\t\t\t<ul class=\"elementor-icon-list-items\">\n\t\t\t\t\t\t\t<li class=\"elementor-icon-list-item\">\n\t\t\t\t\t\t\t\t\t\t\t<span class=\"elementor-icon-list-icon\">\n\t\t\t\t\t\t\t<i aria-hidden=\"true\" class=\"far fa-lightbulb\"><\/i>\t\t\t\t\t\t<\/span>\n\t\t\t\t\t\t\t\t\t\t<span class=\"elementor-icon-list-text\">Gestion de l'\u00e9clairage (ambiance + lecture) depuis le manipulateur appel malade pour chambres 1  lit<\/span>\n\t\t\t\t\t\t\t\t\t<\/li>\n\t\t\t\t\t\t<\/ul>\n\t\t\t\t\t\t<\/div>\n\t\t\t\t<\/div>\n\t\t\t\t\t<\/div>\n\t\t<\/div>\n\t\t\t\t\t<\/div>\n\t\t<\/section>\n\t\t\t\t<section class=\"elementor-section elementor-top-section elementor-element elementor-element-974b4b3 elementor-section-boxed elementor-section-height-default elementor-section-height-default\" data-id=\"974b4b3\" data-element_type=\"section\" data-settings=\"{&quot;_ha_eqh_enable&quot;:false}\">\n\t\t\t\t\t\t<div class=\"elementor-container elementor-column-gap-default\">\n\t\t\t\t\t<div class=\"elementor-column elementor-col-100 elementor-top-column elementor-element elementor-element-7290291\" data-id=\"7290291\" data-element_type=\"column\">\n\t\t\t<div class=\"elementor-widget-wrap elementor-element-populated\">\n\t\t\t\t\t\t<div class=\"elementor-element elementor-element-db85e04 elementor-headline--style-highlight elementor-widget elementor-widget-animated-headline\" data-id=\"db85e04\" data-element_type=\"widget\" data-settings=\"{&quot;marker&quot;:&quot;curly&quot;,&quot;highlighted_text&quot;:&quot;solution &quot;,&quot;headline_style&quot;:&quot;highlight&quot;,&quot;loop&quot;:&quot;yes&quot;,&quot;highlight_animation_duration&quot;:1200,&quot;highlight_iteration_delay&quot;:8000}\" data-widget_type=\"animated-headline.default\">\n\t\t\t\t<div class=\"elementor-widget-container\">\n\t\t\t\t\t\t\t<h3 class=\"elementor-headline\">\n\t\t\t\t\t<span class=\"elementor-headline-plain-text elementor-headline-text-wrapper\">La<\/span>\n\t\t\t\t<span class=\"elementor-headline-dynamic-wrapper elementor-headline-text-wrapper\">\n\t\t\t\t\t<span class=\"elementor-headline-dynamic-text elementor-headline-text-active\">solution <\/span>\n\t\t\t\t<\/span>\n\t\t\t\t\t<span class=\"elementor-headline-plain-text elementor-headline-text-wrapper\">propos\u00e9e<\/span>\n\t\t\t\t\t<\/h3>\n\t\t\t\t\t\t<\/div>\n\t\t\t\t<\/div>\n\t\t\t\t\t<\/div>\n\t\t<\/div>\n\t\t\t\t\t<\/div>\n\t\t<\/section>\n\t\t\t\t<section class=\"elementor-section elementor-top-section elementor-element elementor-element-ecc1ff8 elementor-section-boxed elementor-section-height-default elementor-section-height-default\" data-id=\"ecc1ff8\" data-element_type=\"section\" data-settings=\"{&quot;_ha_eqh_enable&quot;:false}\">\n\t\t\t\t\t\t<div class=\"elementor-container elementor-column-gap-default\">\n\t\t\t\t\t<div class=\"elementor-column elementor-col-100 elementor-top-column elementor-element elementor-element-b940645\" data-id=\"b940645\" data-element_type=\"column\">\n\t\t\t<div class=\"elementor-widget-wrap elementor-element-populated\">\n\t\t\t\t\t\t<div class=\"elementor-element elementor-element-47851e7 elementor-cta--layout-image-right elementor-cta--skin-classic elementor-animated-content elementor-bg-transform elementor-bg-transform-zoom-in elementor-widget elementor-widget-call-to-action\" data-id=\"47851e7\" data-element_type=\"widget\" data-widget_type=\"call-to-action.default\">\n\t\t\t\t<div class=\"elementor-widget-container\">\n\t\t\t\t\t\t\t<div class=\"elementor-cta\">\n\t\t\t\t\t<div class=\"elementor-cta__bg-wrapper\">\n\t\t\t\t<div class=\"elementor-cta__bg elementor-bg\" style=\"background-image: url(https:\/\/i0.wp.com\/celion.fr\/electrique\/wp-content\/uploads\/2021\/10\/IMG_7175-scaled.jpg?fit=800%2C534&#038;ssl=1);\" role=\"img\" aria-label=\"IMG_7175\"><\/div>\n\t\t\t\t<div class=\"elementor-cta__bg-overlay\"><\/div>\n\t\t\t<\/div>\n\t\t\t\t\t\t\t<div class=\"elementor-cta__content\">\n\t\t\t\t\n\t\t\t\t\t\t\t\t\t<h2 class=\"elementor-cta__title elementor-cta__content-item elementor-content-item\">\n\t\t\t\t\t\tMCL 21\t\t\t\t\t<\/h2>\n\t\t\t\t\n\t\t\t\t\t\t\t\t\t<div class=\"elementor-cta__description elementor-cta__content-item elementor-content-item\">\n\t\t\t\t\t\tModules de gestion de l'\u00e9clairage (1 lecture + 1 ambiance) pour chambres 1 lit\t\t\t\t\t<\/div>\n\t\t\t\t\n\t\t\t\t\t\t\t\t\t<div class=\"elementor-cta__button-wrapper elementor-cta__content-item elementor-content-item \">\n\t\t\t\t\t<a class=\"elementor-cta__button elementor-button elementor-size-\" href=\"https:\/\/celion.fr\/electrique\/mcl-2100\/\">\n\t\t\t\t\t\tCliquer ici\t\t\t\t\t<\/a>\n\t\t\t\t\t<\/div>\n\t\t\t\t\t\t\t<\/div>\n\t\t\t\t\t\t<\/div>\n\t\t\t\t\t\t<\/div>\n\t\t\t\t<\/div>\n\t\t\t\t\t<\/div>\n\t\t<\/div>\n\t\t\t\t\t<\/div>\n\t\t<\/section>\n\t\t\t\t<\/div>\n\t\t","protected":false},"excerpt":{"rendered":"<p>CHRU BREST (29) Pr\u00e9sentation du projet Le projet d\u2019\u00e9tablissements\u00a0porte les ambitions de nos communaut\u00e9s hospitali\u00e8res dans une vision partag\u00e9e entre\u00a0: le CHU de Brest, L\u2019h\u00f4pital Lejeune de Saint Renan, L\u2019h\u00f4pital de Lesneven, L\u2019h\u00f4pital Ferdinand Grall de Landerneau, l\u2019h\u00f4pital de la Presqu\u2019ile de Crozon. Le besoin L&rsquo;\u00e9quipement C\u00e9lion devra permettre aux utilisateurs les fonctions suivantes :\u00a0 [&hellip;]<\/p>\n","protected":false},"author":1,"featured_media":0,"parent":0,"menu_order":0,"comment_status":"closed","ping_status":"closed","template":"","meta":{"footnotes":""},"class_list":["post-1869","page","type-page","status-publish","hentry"],"yoast_head":"<!-- This site is optimized with the Yoast SEO plugin v26.1.1 - https:\/\/yoast.com\/wordpress\/plugins\/seo\/ -->\n<title>CHRU BREST - C\u00e9lion \u00e9lectrique<\/title>\n<meta name=\"description\" content=\"C\u00e9lion \u00e9lectrique est ravi de vous accueillir sur son site internet. Nous pouvons vous fournir sur plusieurs sp\u00e9cifications possible.\" \/>\n<meta name=\"robots\" content=\"index, follow, max-snippet:-1, max-image-preview:large, max-video-preview:-1\" \/>\n<link rel=\"canonical\" href=\"https:\/\/celion.fr\/electrique\/chru-brest\/\" \/>\n<meta property=\"og:locale\" content=\"fr_FR\" \/>\n<meta property=\"og:type\" content=\"article\" \/>\n<meta property=\"og:title\" content=\"CHRU BREST - C\u00e9lion \u00e9lectrique\" \/>\n<meta property=\"og:description\" content=\"C\u00e9lion \u00e9lectrique est ravi de vous accueillir sur son site internet. Nous pouvons vous fournir sur plusieurs sp\u00e9cifications possible.\" \/>\n<meta property=\"og:url\" content=\"https:\/\/celion.fr\/electrique\/chru-brest\/\" \/>\n<meta property=\"og:site_name\" content=\"C\u00e9lion \u00e9lectrique\" \/>\n<meta property=\"article:modified_time\" content=\"2025-03-03T11:39:09+00:00\" \/>\n<meta property=\"og:image\" content=\"https:\/\/celion.fr\/electrique\/wp-content\/uploads\/2025\/02\/SPU_BREST_GLH_19-1024x522.jpg\" \/>\n<meta name=\"twitter:card\" content=\"summary_large_image\" \/>\n<meta name=\"twitter:label1\" content=\"Dur\u00e9e de lecture estim\u00e9e\" \/>\n\t<meta name=\"twitter:data1\" content=\"1 minute\" \/>\n<script type=\"application\/ld+json\" class=\"yoast-schema-graph\">{\"@context\":\"https:\/\/schema.org\",\"@graph\":[{\"@type\":\"WebPage\",\"@id\":\"https:\/\/celion.fr\/electrique\/chru-brest\/\",\"url\":\"https:\/\/celion.fr\/electrique\/chru-brest\/\",\"name\":\"CHRU BREST - C\u00e9lion \u00e9lectrique\",\"isPartOf\":{\"@id\":\"https:\/\/celion.fr\/electrique\/#website\"},\"primaryImageOfPage\":{\"@id\":\"https:\/\/celion.fr\/electrique\/chru-brest\/#primaryimage\"},\"image\":{\"@id\":\"https:\/\/celion.fr\/electrique\/chru-brest\/#primaryimage\"},\"thumbnailUrl\":\"https:\/\/celion.fr\/electrique\/wp-content\/uploads\/2025\/02\/SPU_BREST_GLH_19-1024x522.jpg\",\"datePublished\":\"2025-03-03T11:38:40+00:00\",\"dateModified\":\"2025-03-03T11:39:09+00:00\",\"description\":\"C\u00e9lion \u00e9lectrique est ravi de vous accueillir sur son site internet. Nous pouvons vous fournir sur plusieurs sp\u00e9cifications possible.\",\"breadcrumb\":{\"@id\":\"https:\/\/celion.fr\/electrique\/chru-brest\/#breadcrumb\"},\"inLanguage\":\"fr-FR\",\"potentialAction\":[{\"@type\":\"ReadAction\",\"target\":[\"https:\/\/celion.fr\/electrique\/chru-brest\/\"]}]},{\"@type\":\"ImageObject\",\"inLanguage\":\"fr-FR\",\"@id\":\"https:\/\/celion.fr\/electrique\/chru-brest\/#primaryimage\",\"url\":\"https:\/\/i0.wp.com\/celion.fr\/electrique\/wp-content\/uploads\/2025\/02\/SPU_BREST_GLH_19.jpg?fit=2560%2C1306&ssl=1\",\"contentUrl\":\"https:\/\/i0.wp.com\/celion.fr\/electrique\/wp-content\/uploads\/2025\/02\/SPU_BREST_GLH_19.jpg?fit=2560%2C1306&ssl=1\",\"width\":2560,\"height\":1306},{\"@type\":\"BreadcrumbList\",\"@id\":\"https:\/\/celion.fr\/electrique\/chru-brest\/#breadcrumb\",\"itemListElement\":[{\"@type\":\"ListItem\",\"position\":1,\"name\":\"Accueil\",\"item\":\"https:\/\/celion.fr\/electrique\/\"},{\"@type\":\"ListItem\",\"position\":2,\"name\":\"CHRU BREST\"}]},{\"@type\":\"WebSite\",\"@id\":\"https:\/\/celion.fr\/electrique\/#website\",\"url\":\"https:\/\/celion.fr\/electrique\/\",\"name\":\"C\u00e9lion \u00e9lectrique\",\"description\":\"\",\"publisher\":{\"@id\":\"https:\/\/celion.fr\/electrique\/#organization\"},\"potentialAction\":[{\"@type\":\"SearchAction\",\"target\":{\"@type\":\"EntryPoint\",\"urlTemplate\":\"https:\/\/celion.fr\/electrique\/?s={search_term_string}\"},\"query-input\":{\"@type\":\"PropertyValueSpecification\",\"valueRequired\":true,\"valueName\":\"search_term_string\"}}],\"inLanguage\":\"fr-FR\"},{\"@type\":\"Organization\",\"@id\":\"https:\/\/celion.fr\/electrique\/#organization\",\"name\":\"C\u00e9lion \u00e9lectrique\",\"url\":\"https:\/\/celion.fr\/electrique\/\",\"logo\":{\"@type\":\"ImageObject\",\"inLanguage\":\"fr-FR\",\"@id\":\"https:\/\/celion.fr\/electrique\/#\/schema\/logo\/image\/\",\"url\":\"https:\/\/i1.wp.com\/celion.fr\/electrique\/wp-content\/uploads\/2021\/04\/LOGO_Celion_site-electrique-2.png?fit=10000%2C2500&ssl=1\",\"contentUrl\":\"https:\/\/i1.wp.com\/celion.fr\/electrique\/wp-content\/uploads\/2021\/04\/LOGO_Celion_site-electrique-2.png?fit=10000%2C2500&ssl=1\",\"width\":10000,\"height\":2500,\"caption\":\"C\u00e9lion \u00e9lectrique\"},\"image\":{\"@id\":\"https:\/\/celion.fr\/electrique\/#\/schema\/logo\/image\/\"}}]}<\/script>\n<!-- \/ Yoast SEO plugin. -->","yoast_head_json":{"title":"CHRU BREST - C\u00e9lion \u00e9lectrique","description":"C\u00e9lion \u00e9lectrique est ravi de vous accueillir sur son site internet. Nous pouvons vous fournir sur plusieurs sp\u00e9cifications possible.","robots":{"index":"index","follow":"follow","max-snippet":"max-snippet:-1","max-image-preview":"max-image-preview:large","max-video-preview":"max-video-preview:-1"},"canonical":"https:\/\/celion.fr\/electrique\/chru-brest\/","og_locale":"fr_FR","og_type":"article","og_title":"CHRU BREST - C\u00e9lion \u00e9lectrique","og_description":"C\u00e9lion \u00e9lectrique est ravi de vous accueillir sur son site internet. Nous pouvons vous fournir sur plusieurs sp\u00e9cifications possible.","og_url":"https:\/\/celion.fr\/electrique\/chru-brest\/","og_site_name":"C\u00e9lion \u00e9lectrique","article_modified_time":"2025-03-03T11:39:09+00:00","og_image":[{"url":"https:\/\/celion.fr\/electrique\/wp-content\/uploads\/2025\/02\/SPU_BREST_GLH_19-1024x522.jpg","type":"","width":"","height":""}],"twitter_card":"summary_large_image","twitter_misc":{"Dur\u00e9e de lecture estim\u00e9e":"1 minute"},"schema":{"@context":"https:\/\/schema.org","@graph":[{"@type":"WebPage","@id":"https:\/\/celion.fr\/electrique\/chru-brest\/","url":"https:\/\/celion.fr\/electrique\/chru-brest\/","name":"CHRU BREST - C\u00e9lion \u00e9lectrique","isPartOf":{"@id":"https:\/\/celion.fr\/electrique\/#website"},"primaryImageOfPage":{"@id":"https:\/\/celion.fr\/electrique\/chru-brest\/#primaryimage"},"image":{"@id":"https:\/\/celion.fr\/electrique\/chru-brest\/#primaryimage"},"thumbnailUrl":"https:\/\/celion.fr\/electrique\/wp-content\/uploads\/2025\/02\/SPU_BREST_GLH_19-1024x522.jpg","datePublished":"2025-03-03T11:38:40+00:00","dateModified":"2025-03-03T11:39:09+00:00","description":"C\u00e9lion \u00e9lectrique est ravi de vous accueillir sur son site internet. Nous pouvons vous fournir sur plusieurs sp\u00e9cifications possible.","breadcrumb":{"@id":"https:\/\/celion.fr\/electrique\/chru-brest\/#breadcrumb"},"inLanguage":"fr-FR","potentialAction":[{"@type":"ReadAction","target":["https:\/\/celion.fr\/electrique\/chru-brest\/"]}]},{"@type":"ImageObject","inLanguage":"fr-FR","@id":"https:\/\/celion.fr\/electrique\/chru-brest\/#primaryimage","url":"https:\/\/i0.wp.com\/celion.fr\/electrique\/wp-content\/uploads\/2025\/02\/SPU_BREST_GLH_19.jpg?fit=2560%2C1306&ssl=1","contentUrl":"https:\/\/i0.wp.com\/celion.fr\/electrique\/wp-content\/uploads\/2025\/02\/SPU_BREST_GLH_19.jpg?fit=2560%2C1306&ssl=1","width":2560,"height":1306},{"@type":"BreadcrumbList","@id":"https:\/\/celion.fr\/electrique\/chru-brest\/#breadcrumb","itemListElement":[{"@type":"ListItem","position":1,"name":"Accueil","item":"https:\/\/celion.fr\/electrique\/"},{"@type":"ListItem","position":2,"name":"CHRU BREST"}]},{"@type":"WebSite","@id":"https:\/\/celion.fr\/electrique\/#website","url":"https:\/\/celion.fr\/electrique\/","name":"C\u00e9lion \u00e9lectrique","description":"","publisher":{"@id":"https:\/\/celion.fr\/electrique\/#organization"},"potentialAction":[{"@type":"SearchAction","target":{"@type":"EntryPoint","urlTemplate":"https:\/\/celion.fr\/electrique\/?s={search_term_string}"},"query-input":{"@type":"PropertyValueSpecification","valueRequired":true,"valueName":"search_term_string"}}],"inLanguage":"fr-FR"},{"@type":"Organization","@id":"https:\/\/celion.fr\/electrique\/#organization","name":"C\u00e9lion \u00e9lectrique","url":"https:\/\/celion.fr\/electrique\/","logo":{"@type":"ImageObject","inLanguage":"fr-FR","@id":"https:\/\/celion.fr\/electrique\/#\/schema\/logo\/image\/","url":"https:\/\/i1.wp.com\/celion.fr\/electrique\/wp-content\/uploads\/2021\/04\/LOGO_Celion_site-electrique-2.png?fit=10000%2C2500&ssl=1","contentUrl":"https:\/\/i1.wp.com\/celion.fr\/electrique\/wp-content\/uploads\/2021\/04\/LOGO_Celion_site-electrique-2.png?fit=10000%2C2500&ssl=1","width":10000,"height":2500,"caption":"C\u00e9lion \u00e9lectrique"},"image":{"@id":"https:\/\/celion.fr\/electrique\/#\/schema\/logo\/image\/"}}]}},"jetpack_sharing_enabled":true,"_links":{"self":[{"href":"https:\/\/celion.fr\/electrique\/wp-json\/wp\/v2\/pages\/1869","targetHints":{"allow":["GET"]}}],"collection":[{"href":"https:\/\/celion.fr\/electrique\/wp-json\/wp\/v2\/pages"}],"about":[{"href":"https:\/\/celion.fr\/electrique\/wp-json\/wp\/v2\/types\/page"}],"author":[{"embeddable":true,"href":"https:\/\/celion.fr\/electrique\/wp-json\/wp\/v2\/users\/1"}],"replies":[{"embeddable":true,"href":"https:\/\/celion.fr\/electrique\/wp-json\/wp\/v2\/comments?post=1869"}],"version-history":[{"count":8,"href":"https:\/\/celion.fr\/electrique\/wp-json\/wp\/v2\/pages\/1869\/revisions"}],"predecessor-version":[{"id":1928,"href":"https:\/\/celion.fr\/electrique\/wp-json\/wp\/v2\/pages\/1869\/revisions\/1928"}],"wp:attachment":[{"href":"https:\/\/celion.fr\/electrique\/wp-json\/wp\/v2\/media?parent=1869"}],"curies":[{"name":"wp","href":"https:\/\/api.w.org\/{rel}","templated":true}]}}